{"id":28112,"date":"2025-04-02T00:49:25","date_gmt":"2025-04-02T00:49:25","guid":{"rendered":"https:\/\/dev.unik-seo.com\/referencement\/crypto-seo\/"},"modified":"2026-03-27T15:39:56","modified_gmt":"2026-03-27T15:39:56","slug":"crypto-seo","status":"publish","type":"page","link":"https:\/\/www.unik-seo.com\/fr\/crypto-seo","title":{"rendered":"Crypto SEO"},"content":{"rendered":"","protected":false},"excerpt":{"rendered":"<p>Nous ne sommes pas une agence de boomers du Web2 qui essaie de profiter de l&rsquo;engouement pour la blockchain. Nous vivons dans cet espace. En tant qu&rsquo;agence de r\u00e9f\u00e9rencement crypto \u00e9prouv\u00e9e, UniK SEO aide les projets Web3, les \u00e9changes, les places de march\u00e9 NFT, les protocoles DeFi et les startups blockchain \u00e0 empiler la domination SERP.  <\/p>\n","protected":false},"author":3,"featured_media":606,"parent":0,"menu_order":0,"comment_status":"closed","ping_status":"closed","template":"","meta":{"_acf_changed":false,"footnotes":""},"categories":[140,147],"tags":[167],"service":[],"class_list":["post-28112","page","type-page","status-publish","has-post-thumbnail","hentry","category-referencement","category-seo-par-secteur-dactivite","tag-crypto"],"acf":[],"aioseo_notices":[],"_links":{"self":[{"href":"https:\/\/www.unik-seo.com\/fr\/wp-json\/wp\/v2\/pages\/28112","targetHints":{"allow":["GET"]}}],"collection":[{"href":"https:\/\/www.unik-seo.com\/fr\/wp-json\/wp\/v2\/pages"}],"about":[{"href":"https:\/\/www.unik-seo.com\/fr\/wp-json\/wp\/v2\/types\/page"}],"author":[{"embeddable":true,"href":"https:\/\/www.unik-seo.com\/fr\/wp-json\/wp\/v2\/users\/3"}],"replies":[{"embeddable":true,"href":"https:\/\/www.unik-seo.com\/fr\/wp-json\/wp\/v2\/comments?post=28112"}],"version-history":[{"count":1,"href":"https:\/\/www.unik-seo.com\/fr\/wp-json\/wp\/v2\/pages\/28112\/revisions"}],"predecessor-version":[{"id":28113,"href":"https:\/\/www.unik-seo.com\/fr\/wp-json\/wp\/v2\/pages\/28112\/revisions\/28113"}],"wp:featuredmedia":[{"embeddable":true,"href":"https:\/\/www.unik-seo.com\/fr\/wp-json\/wp\/v2\/media\/606"}],"wp:attachment":[{"href":"https:\/\/www.unik-seo.com\/fr\/wp-json\/wp\/v2\/media?parent=28112"}],"wp:term":[{"taxonomy":"category","embeddable":true,"href":"https:\/\/www.unik-seo.com\/fr\/wp-json\/wp\/v2\/categories?post=28112"},{"taxonomy":"post_tag","embeddable":true,"href":"https:\/\/www.unik-seo.com\/fr\/wp-json\/wp\/v2\/tags?post=28112"},{"taxonomy":"service","embeddable":true,"href":"https:\/\/www.unik-seo.com\/fr\/wp-json\/wp\/v2\/service?post=28112"}],"curies":[{"name":"wp","href":"https:\/\/api.w.org\/{rel}","templated":true}]}}