{"id":28110,"date":"2025-04-02T00:53:32","date_gmt":"2025-04-02T00:53:32","guid":{"rendered":"https:\/\/dev.unik-seo.com\/referencement\/referencement-pour-adultes\/"},"modified":"2026-03-27T15:26:13","modified_gmt":"2026-03-27T15:26:13","slug":"referencement-adulte","status":"publish","type":"page","link":"https:\/\/www.unik-seo.com\/fr\/referencement-adulte","title":{"rendered":"R\u00e9f\u00e9rencement Adulte"},"content":{"rendered":"","protected":false},"excerpt":{"rendered":"<p>Vous cherchez \u00e0 transformer votre site pour adultes en une machine assoiff\u00e9e de trafic ? Chez UniK SEO, nous n&rsquo;h\u00e9sitons pas \u00e0 plonger dans le monde du r\u00e9f\u00e9rencement audacieux pour adultes. Nous ne sommes pas l\u00e0 pour vous aguicher. Nous sommes l\u00e0 pour dominer.   <\/p>\n","protected":false},"author":3,"featured_media":591,"parent":0,"menu_order":0,"comment_status":"closed","ping_status":"closed","template":"","meta":{"_acf_changed":false,"footnotes":""},"categories":[140,147],"tags":[149],"service":[],"class_list":["post-28110","page","type-page","status-publish","has-post-thumbnail","hentry","category-referencement","category-seo-par-secteur-dactivite","tag-adult"],"acf":[],"aioseo_notices":[],"_links":{"self":[{"href":"https:\/\/www.unik-seo.com\/fr\/wp-json\/wp\/v2\/pages\/28110","targetHints":{"allow":["GET"]}}],"collection":[{"href":"https:\/\/www.unik-seo.com\/fr\/wp-json\/wp\/v2\/pages"}],"about":[{"href":"https:\/\/www.unik-seo.com\/fr\/wp-json\/wp\/v2\/types\/page"}],"author":[{"embeddable":true,"href":"https:\/\/www.unik-seo.com\/fr\/wp-json\/wp\/v2\/users\/3"}],"replies":[{"embeddable":true,"href":"https:\/\/www.unik-seo.com\/fr\/wp-json\/wp\/v2\/comments?post=28110"}],"version-history":[{"count":2,"href":"https:\/\/www.unik-seo.com\/fr\/wp-json\/wp\/v2\/pages\/28110\/revisions"}],"predecessor-version":[{"id":30640,"href":"https:\/\/www.unik-seo.com\/fr\/wp-json\/wp\/v2\/pages\/28110\/revisions\/30640"}],"wp:featuredmedia":[{"embeddable":true,"href":"https:\/\/www.unik-seo.com\/fr\/wp-json\/wp\/v2\/media\/591"}],"wp:attachment":[{"href":"https:\/\/www.unik-seo.com\/fr\/wp-json\/wp\/v2\/media?parent=28110"}],"wp:term":[{"taxonomy":"category","embeddable":true,"href":"https:\/\/www.unik-seo.com\/fr\/wp-json\/wp\/v2\/categories?post=28110"},{"taxonomy":"post_tag","embeddable":true,"href":"https:\/\/www.unik-seo.com\/fr\/wp-json\/wp\/v2\/tags?post=28110"},{"taxonomy":"service","embeddable":true,"href":"https:\/\/www.unik-seo.com\/fr\/wp-json\/wp\/v2\/service?post=28110"}],"curies":[{"name":"wp","href":"https:\/\/api.w.org\/{rel}","templated":true}]}}