{"id":28067,"date":"2025-04-02T00:43:14","date_gmt":"2025-04-02T00:43:14","guid":{"rendered":"https:\/\/dev.unik-seo.com\/referencement\/referencement-sur-youtube\/"},"modified":"2025-10-01T09:18:09","modified_gmt":"2025-10-01T09:18:09","slug":"seo-youtube","status":"publish","type":"page","link":"https:\/\/www.unik-seo.com\/fr\/seo-youtube","title":{"rendered":"SEO pour YouTube"},"content":{"rendered":"","protected":false},"excerpt":{"rendered":"<p>Nous ne sommes pas une soci\u00e9t\u00e9 de marketing quelconque qui essaie de \u00ab\u00a0comprendre\u00a0\u00bb YouTube. Chez UniK SEO, nous sommes une agence de r\u00e9f\u00e9rencement YouTube l\u00e9gitime qui comprend comment la plateforme fonctionne aujourd&rsquo;hui, et non pas il y a deux ans. <\/p>\n<p>Nous restons \u00e0 l&rsquo;aff\u00fbt des mises \u00e0 jour des algorithmes, des tendances de l&rsquo;audience et des donn\u00e9es de YouTube Studio pour que vous n&rsquo;ayez pas \u00e0 le faire. Il ne s&rsquo;agit plus seulement de classement, mais aussi de fid\u00e9lisation, d&rsquo;engagement et de cr\u00e9ation d&rsquo;une communaut\u00e9 qui reviendra. <\/p>\n","protected":false},"author":3,"featured_media":24156,"parent":0,"menu_order":0,"comment_status":"closed","ping_status":"closed","template":"","meta":{"_acf_changed":false,"footnotes":""},"categories":[140,173],"tags":[124],"service":[],"class_list":["post-28067","page","type-page","status-publish","has-post-thumbnail","hentry","category-referencement","category-seo-par-service","tag-b2b"],"acf":[],"aioseo_notices":[],"_links":{"self":[{"href":"https:\/\/www.unik-seo.com\/fr\/wp-json\/wp\/v2\/pages\/28067","targetHints":{"allow":["GET"]}}],"collection":[{"href":"https:\/\/www.unik-seo.com\/fr\/wp-json\/wp\/v2\/pages"}],"about":[{"href":"https:\/\/www.unik-seo.com\/fr\/wp-json\/wp\/v2\/types\/page"}],"author":[{"embeddable":true,"href":"https:\/\/www.unik-seo.com\/fr\/wp-json\/wp\/v2\/users\/3"}],"replies":[{"embeddable":true,"href":"https:\/\/www.unik-seo.com\/fr\/wp-json\/wp\/v2\/comments?post=28067"}],"version-history":[{"count":2,"href":"https:\/\/www.unik-seo.com\/fr\/wp-json\/wp\/v2\/pages\/28067\/revisions"}],"predecessor-version":[{"id":30641,"href":"https:\/\/www.unik-seo.com\/fr\/wp-json\/wp\/v2\/pages\/28067\/revisions\/30641"}],"wp:featuredmedia":[{"embeddable":true,"href":"https:\/\/www.unik-seo.com\/fr\/wp-json\/wp\/v2\/media\/24156"}],"wp:attachment":[{"href":"https:\/\/www.unik-seo.com\/fr\/wp-json\/wp\/v2\/media?parent=28067"}],"wp:term":[{"taxonomy":"category","embeddable":true,"href":"https:\/\/www.unik-seo.com\/fr\/wp-json\/wp\/v2\/categories?post=28067"},{"taxonomy":"post_tag","embeddable":true,"href":"https:\/\/www.unik-seo.com\/fr\/wp-json\/wp\/v2\/tags?post=28067"},{"taxonomy":"service","embeddable":true,"href":"https:\/\/www.unik-seo.com\/fr\/wp-json\/wp\/v2\/service?post=28067"}],"curies":[{"name":"wp","href":"https:\/\/api.w.org\/{rel}","templated":true}]}}