{"id":28048,"date":"2025-04-02T00:31:33","date_gmt":"2025-04-02T00:31:33","guid":{"rendered":"https:\/\/dev.unik-seo.com\/referencement\/services-de-recuperation-des-penalites-google\/"},"modified":"2025-10-01T09:39:29","modified_gmt":"2025-10-01T09:39:29","slug":"recuperation-penalite-google","status":"publish","type":"page","link":"https:\/\/www.unik-seo.com\/fr\/recuperation-penalite-google","title":{"rendered":"R\u00e9cup\u00e9ration de P\u00e9nalit\u00e9 Google"},"content":{"rendered":"","protected":false},"excerpt":{"rendered":"<p>Vous avez soudainement subi une perte importante de trafic et\/ou une chute substantielle de votre classement ? Vous avez peut-\u00eatre \u00e9t\u00e9 frapp\u00e9 par une p\u00e9nalit\u00e9 Google (automatique ou manuelle) et ne savez pas comment proc\u00e9der. Heureusement pour vous, UniK SEO est l\u00e0 pour vous aider dans le processus de r\u00e9cup\u00e9ration.  <\/p>\n","protected":false},"author":3,"featured_media":393,"parent":0,"menu_order":0,"comment_status":"closed","ping_status":"closed","template":"","meta":{"_acf_changed":false,"footnotes":""},"categories":[140,173],"tags":[124],"service":[],"class_list":["post-28048","page","type-page","status-publish","has-post-thumbnail","hentry","category-referencement","category-seo-par-service","tag-b2b"],"acf":[],"aioseo_notices":[],"_links":{"self":[{"href":"https:\/\/www.unik-seo.com\/fr\/wp-json\/wp\/v2\/pages\/28048","targetHints":{"allow":["GET"]}}],"collection":[{"href":"https:\/\/www.unik-seo.com\/fr\/wp-json\/wp\/v2\/pages"}],"about":[{"href":"https:\/\/www.unik-seo.com\/fr\/wp-json\/wp\/v2\/types\/page"}],"author":[{"embeddable":true,"href":"https:\/\/www.unik-seo.com\/fr\/wp-json\/wp\/v2\/users\/3"}],"replies":[{"embeddable":true,"href":"https:\/\/www.unik-seo.com\/fr\/wp-json\/wp\/v2\/comments?post=28048"}],"version-history":[{"count":3,"href":"https:\/\/www.unik-seo.com\/fr\/wp-json\/wp\/v2\/pages\/28048\/revisions"}],"predecessor-version":[{"id":30671,"href":"https:\/\/www.unik-seo.com\/fr\/wp-json\/wp\/v2\/pages\/28048\/revisions\/30671"}],"wp:featuredmedia":[{"embeddable":true,"href":"https:\/\/www.unik-seo.com\/fr\/wp-json\/wp\/v2\/media\/393"}],"wp:attachment":[{"href":"https:\/\/www.unik-seo.com\/fr\/wp-json\/wp\/v2\/media?parent=28048"}],"wp:term":[{"taxonomy":"category","embeddable":true,"href":"https:\/\/www.unik-seo.com\/fr\/wp-json\/wp\/v2\/categories?post=28048"},{"taxonomy":"post_tag","embeddable":true,"href":"https:\/\/www.unik-seo.com\/fr\/wp-json\/wp\/v2\/tags?post=28048"},{"taxonomy":"service","embeddable":true,"href":"https:\/\/www.unik-seo.com\/fr\/wp-json\/wp\/v2\/service?post=28048"}],"curies":[{"name":"wp","href":"https:\/\/api.w.org\/{rel}","templated":true}]}}