{"id":28047,"date":"2025-04-02T00:39:09","date_gmt":"2025-04-02T00:39:09","guid":{"rendered":"https:\/\/dev.unik-seo.com\/referencement\/tiktok-seo-services\/"},"modified":"2025-10-01T09:20:41","modified_gmt":"2025-10-01T09:20:41","slug":"referencement-tiktok","status":"publish","type":"page","link":"https:\/\/www.unik-seo.com\/fr\/referencement-tiktok","title":{"rendered":"R\u00e9f\u00e9rencement TikTok"},"content":{"rendered":"","protected":false},"excerpt":{"rendered":"<p>Hey babe, parlons-en. Si vous \u00eates l\u00e0 \u00e0 poster banger apr\u00e8s banger et que vous obtenez toujours 46 vues et un like de piti\u00e9 de la part de votre m\u00e8re ? Oui, non. Il est temps d&rsquo;arr\u00eater de lutter contre l&rsquo;algorithme et de commencer \u00e0 travailler avec lui.   <\/p>\n<p>UniK SEO est l&rsquo;agence de r\u00e9f\u00e9rencement TikTok qui comprend r\u00e9ellement comment cette application fonctionne. Nous sommes dessus 24 heures sur 24, 7 jours sur 7 (s\u00e9rieusement, quelqu&rsquo;un doit nous enlever nos t\u00e9l\u00e9phones), et nous savons exactement ce qui permet au contenu d&rsquo;\u00eatre pouss\u00e9, class\u00e9 et engag\u00e9. <\/p>\n","protected":false},"author":3,"featured_media":24150,"parent":0,"menu_order":0,"comment_status":"closed","ping_status":"closed","template":"","meta":{"_acf_changed":false,"footnotes":""},"categories":[140,173],"tags":[124,261],"service":[],"class_list":["post-28047","page","type-page","status-publish","has-post-thumbnail","hentry","category-referencement","category-seo-par-service","tag-b2b","tag-social-media"],"acf":[],"aioseo_notices":[],"_links":{"self":[{"href":"https:\/\/www.unik-seo.com\/fr\/wp-json\/wp\/v2\/pages\/28047","targetHints":{"allow":["GET"]}}],"collection":[{"href":"https:\/\/www.unik-seo.com\/fr\/wp-json\/wp\/v2\/pages"}],"about":[{"href":"https:\/\/www.unik-seo.com\/fr\/wp-json\/wp\/v2\/types\/page"}],"author":[{"embeddable":true,"href":"https:\/\/www.unik-seo.com\/fr\/wp-json\/wp\/v2\/users\/3"}],"replies":[{"embeddable":true,"href":"https:\/\/www.unik-seo.com\/fr\/wp-json\/wp\/v2\/comments?post=28047"}],"version-history":[{"count":3,"href":"https:\/\/www.unik-seo.com\/fr\/wp-json\/wp\/v2\/pages\/28047\/revisions"}],"predecessor-version":[{"id":30648,"href":"https:\/\/www.unik-seo.com\/fr\/wp-json\/wp\/v2\/pages\/28047\/revisions\/30648"}],"wp:featuredmedia":[{"embeddable":true,"href":"https:\/\/www.unik-seo.com\/fr\/wp-json\/wp\/v2\/media\/24150"}],"wp:attachment":[{"href":"https:\/\/www.unik-seo.com\/fr\/wp-json\/wp\/v2\/media?parent=28047"}],"wp:term":[{"taxonomy":"category","embeddable":true,"href":"https:\/\/www.unik-seo.com\/fr\/wp-json\/wp\/v2\/categories?post=28047"},{"taxonomy":"post_tag","embeddable":true,"href":"https:\/\/www.unik-seo.com\/fr\/wp-json\/wp\/v2\/tags?post=28047"},{"taxonomy":"service","embeddable":true,"href":"https:\/\/www.unik-seo.com\/fr\/wp-json\/wp\/v2\/service?post=28047"}],"curies":[{"name":"wp","href":"https:\/\/api.w.org\/{rel}","templated":true}]}}