{"id":28028,"date":"2025-04-02T00:27:50","date_gmt":"2025-04-02T00:27:50","guid":{"rendered":"https:\/\/dev.unik-seo.com\/referencement\/optimisation-de-lapp-store\/"},"modified":"2025-10-01T09:38:20","modified_gmt":"2025-10-01T09:38:20","slug":"optimisation-app-store","status":"publish","type":"page","link":"https:\/\/www.unik-seo.com\/fr\/optimisation-app-store","title":{"rendered":"Optimisation pour App Store"},"content":{"rendered":"","protected":false},"excerpt":{"rendered":"<p>UniK SEO est un pionnier dans les services d&rsquo;optimisation des magasins d&rsquo;applications au Portugal. Notre planification strat\u00e9gique vise \u00e0 attirer plus de visibilit\u00e9, d&rsquo;exposition et de t\u00e9l\u00e9chargements pour votre application sur les magasins d&rsquo;applications en ligne (Google Play, iTunes, Microsoft Store, etc.). <\/p>\n","protected":false},"author":3,"featured_media":423,"parent":0,"menu_order":0,"comment_status":"closed","ping_status":"closed","template":"","meta":{"_acf_changed":false,"footnotes":""},"categories":[140,173],"tags":[124],"service":[],"class_list":["post-28028","page","type-page","status-publish","has-post-thumbnail","hentry","category-referencement","category-seo-par-service","tag-b2b"],"acf":[],"aioseo_notices":[],"_links":{"self":[{"href":"https:\/\/www.unik-seo.com\/fr\/wp-json\/wp\/v2\/pages\/28028","targetHints":{"allow":["GET"]}}],"collection":[{"href":"https:\/\/www.unik-seo.com\/fr\/wp-json\/wp\/v2\/pages"}],"about":[{"href":"https:\/\/www.unik-seo.com\/fr\/wp-json\/wp\/v2\/types\/page"}],"author":[{"embeddable":true,"href":"https:\/\/www.unik-seo.com\/fr\/wp-json\/wp\/v2\/users\/3"}],"replies":[{"embeddable":true,"href":"https:\/\/www.unik-seo.com\/fr\/wp-json\/wp\/v2\/comments?post=28028"}],"version-history":[{"count":2,"href":"https:\/\/www.unik-seo.com\/fr\/wp-json\/wp\/v2\/pages\/28028\/revisions"}],"predecessor-version":[{"id":30669,"href":"https:\/\/www.unik-seo.com\/fr\/wp-json\/wp\/v2\/pages\/28028\/revisions\/30669"}],"wp:featuredmedia":[{"embeddable":true,"href":"https:\/\/www.unik-seo.com\/fr\/wp-json\/wp\/v2\/media\/423"}],"wp:attachment":[{"href":"https:\/\/www.unik-seo.com\/fr\/wp-json\/wp\/v2\/media?parent=28028"}],"wp:term":[{"taxonomy":"category","embeddable":true,"href":"https:\/\/www.unik-seo.com\/fr\/wp-json\/wp\/v2\/categories?post=28028"},{"taxonomy":"post_tag","embeddable":true,"href":"https:\/\/www.unik-seo.com\/fr\/wp-json\/wp\/v2\/tags?post=28028"},{"taxonomy":"service","embeddable":true,"href":"https:\/\/www.unik-seo.com\/fr\/wp-json\/wp\/v2\/service?post=28028"}],"curies":[{"name":"wp","href":"https:\/\/api.w.org\/{rel}","templated":true}]}}