{"id":28003,"date":"2025-03-18T18:36:56","date_gmt":"2025-03-18T18:36:56","guid":{"rendered":"https:\/\/dev.unik-seo.com\/referencement\/services-de-referencement-local\/"},"modified":"2025-11-06T15:59:05","modified_gmt":"2025-11-06T15:59:05","slug":"seo-local","status":"publish","type":"page","link":"https:\/\/www.unik-seo.com\/fr\/seo-local","title":{"rendered":"SEO Local"},"content":{"rendered":"","protected":false},"excerpt":{"rendered":"<p>Vous cherchez \u00e0 attirer plus de clients locaux ? UniK SEO offre des services de r\u00e9f\u00e9rencement local dirig\u00e9s par des experts qui aident votre entreprise \u00e0 mieux se classer sur Google Maps et dans les r\u00e9sultats de recherche locaux. Des audits aux citations en passant par les strat\u00e9gies multi-locales et les solutions en marque blanche, nous proposons des strat\u00e9gies de r\u00e9f\u00e9rencement local abordables et adapt\u00e9es \u00e0 votre r\u00e9gion.  <\/p>\n","protected":false},"author":3,"featured_media":447,"parent":0,"menu_order":0,"comment_status":"closed","ping_status":"closed","template":"","meta":{"_acf_changed":false,"footnotes":""},"categories":[140,173],"tags":[123],"service":[],"class_list":["post-28003","page","type-page","status-publish","has-post-thumbnail","hentry","category-referencement","category-seo-par-service","tag-local"],"acf":[],"aioseo_notices":[],"_links":{"self":[{"href":"https:\/\/www.unik-seo.com\/fr\/wp-json\/wp\/v2\/pages\/28003","targetHints":{"allow":["GET"]}}],"collection":[{"href":"https:\/\/www.unik-seo.com\/fr\/wp-json\/wp\/v2\/pages"}],"about":[{"href":"https:\/\/www.unik-seo.com\/fr\/wp-json\/wp\/v2\/types\/page"}],"author":[{"embeddable":true,"href":"https:\/\/www.unik-seo.com\/fr\/wp-json\/wp\/v2\/users\/3"}],"replies":[{"embeddable":true,"href":"https:\/\/www.unik-seo.com\/fr\/wp-json\/wp\/v2\/comments?post=28003"}],"version-history":[{"count":3,"href":"https:\/\/www.unik-seo.com\/fr\/wp-json\/wp\/v2\/pages\/28003\/revisions"}],"predecessor-version":[{"id":30638,"href":"https:\/\/www.unik-seo.com\/fr\/wp-json\/wp\/v2\/pages\/28003\/revisions\/30638"}],"wp:featuredmedia":[{"embeddable":true,"href":"https:\/\/www.unik-seo.com\/fr\/wp-json\/wp\/v2\/media\/447"}],"wp:attachment":[{"href":"https:\/\/www.unik-seo.com\/fr\/wp-json\/wp\/v2\/media?parent=28003"}],"wp:term":[{"taxonomy":"category","embeddable":true,"href":"https:\/\/www.unik-seo.com\/fr\/wp-json\/wp\/v2\/categories?post=28003"},{"taxonomy":"post_tag","embeddable":true,"href":"https:\/\/www.unik-seo.com\/fr\/wp-json\/wp\/v2\/tags?post=28003"},{"taxonomy":"service","embeddable":true,"href":"https:\/\/www.unik-seo.com\/fr\/wp-json\/wp\/v2\/service?post=28003"}],"curies":[{"name":"wp","href":"https:\/\/api.w.org\/{rel}","templated":true}]}}