{"id":27992,"date":"2025-03-19T01:21:35","date_gmt":"2025-03-19T01:21:35","guid":{"rendered":"https:\/\/dev.unik-seo.com\/marketing\/services-de-reputation\/"},"modified":"2025-10-01T09:27:03","modified_gmt":"2025-10-01T09:27:03","slug":"e-reputation","status":"publish","type":"page","link":"https:\/\/www.unik-seo.com\/fr\/e-reputation","title":{"rendered":"E-R\u00e9putation"},"content":{"rendered":"","protected":false},"excerpt":{"rendered":"<p>Prenez le contr\u00f4le de la fa\u00e7on dont le monde vous voit avec les services experts d&rsquo;UniK SEO en mati\u00e8re d&rsquo;e-r\u00e9putation. Nos services de gestion de la r\u00e9putation SEO sur mesure vous aident \u00e0 repousser les contenus n\u00e9gatifs, \u00e0 renforcer les actifs de confiance et \u00e0 r\u00e9cup\u00e9rer votre identit\u00e9 num\u00e9rique sur les moteurs de recherche. <\/p>\n","protected":false},"author":3,"featured_media":390,"parent":0,"menu_order":0,"comment_status":"closed","ping_status":"closed","template":"","meta":{"_acf_changed":false,"footnotes":""},"categories":[138],"tags":[124,263],"service":[],"class_list":["post-27992","page","type-page","status-publish","has-post-thumbnail","hentry","category-social-et-donnees","tag-b2b","tag-link-building"],"acf":[],"aioseo_notices":[],"_links":{"self":[{"href":"https:\/\/www.unik-seo.com\/fr\/wp-json\/wp\/v2\/pages\/27992","targetHints":{"allow":["GET"]}}],"collection":[{"href":"https:\/\/www.unik-seo.com\/fr\/wp-json\/wp\/v2\/pages"}],"about":[{"href":"https:\/\/www.unik-seo.com\/fr\/wp-json\/wp\/v2\/types\/page"}],"author":[{"embeddable":true,"href":"https:\/\/www.unik-seo.com\/fr\/wp-json\/wp\/v2\/users\/3"}],"replies":[{"embeddable":true,"href":"https:\/\/www.unik-seo.com\/fr\/wp-json\/wp\/v2\/comments?post=27992"}],"version-history":[{"count":2,"href":"https:\/\/www.unik-seo.com\/fr\/wp-json\/wp\/v2\/pages\/27992\/revisions"}],"predecessor-version":[{"id":30658,"href":"https:\/\/www.unik-seo.com\/fr\/wp-json\/wp\/v2\/pages\/27992\/revisions\/30658"}],"wp:featuredmedia":[{"embeddable":true,"href":"https:\/\/www.unik-seo.com\/fr\/wp-json\/wp\/v2\/media\/390"}],"wp:attachment":[{"href":"https:\/\/www.unik-seo.com\/fr\/wp-json\/wp\/v2\/media?parent=27992"}],"wp:term":[{"taxonomy":"category","embeddable":true,"href":"https:\/\/www.unik-seo.com\/fr\/wp-json\/wp\/v2\/categories?post=27992"},{"taxonomy":"post_tag","embeddable":true,"href":"https:\/\/www.unik-seo.com\/fr\/wp-json\/wp\/v2\/tags?post=27992"},{"taxonomy":"service","embeddable":true,"href":"https:\/\/www.unik-seo.com\/fr\/wp-json\/wp\/v2\/service?post=27992"}],"curies":[{"name":"wp","href":"https:\/\/api.w.org\/{rel}","templated":true}]}}