{"id":27979,"date":"2025-03-18T12:36:51","date_gmt":"2025-03-18T12:36:51","guid":{"rendered":"https:\/\/dev.unik-seo.com\/referencement\/services-de-construction-de-liens\/"},"modified":"2025-10-28T00:29:58","modified_gmt":"2025-10-28T00:29:58","slug":"netlinking","status":"publish","type":"page","link":"https:\/\/www.unik-seo.com\/fr\/netlinking","title":{"rendered":"Cr\u00e9ation de liens"},"content":{"rendered":"","protected":false},"excerpt":{"rendered":"<p>Si vous voulez que votre site Web soit bien class\u00e9 dans Google, il vous faut plus qu&rsquo;un contenu de qualit\u00e9. Vous avez besoin de confiance. Cette confiance provient de backlinks de haute qualit\u00e9, c&rsquo;est-\u00e0-dire de liens d&rsquo;autres sites web qui pointent vers le v\u00f4tre. Chez UniK SEO, nous offrons des services professionnels de cr\u00e9ation de liens qui aident votre site \u00e0 gagner cette confiance, \u00e0 grimper dans les r\u00e9sultats de recherche et \u00e0 atteindre de nouveaux publics.   <\/p>\n","protected":false},"author":3,"featured_media":396,"parent":0,"menu_order":0,"comment_status":"closed","ping_status":"closed","template":"","meta":{"_acf_changed":false,"footnotes":""},"categories":[140,173],"tags":[124,263],"service":[],"class_list":["post-27979","page","type-page","status-publish","has-post-thumbnail","hentry","category-referencement","category-seo-par-service","tag-b2b","tag-link-building"],"acf":[],"aioseo_notices":[],"_links":{"self":[{"href":"https:\/\/www.unik-seo.com\/fr\/wp-json\/wp\/v2\/pages\/27979","targetHints":{"allow":["GET"]}}],"collection":[{"href":"https:\/\/www.unik-seo.com\/fr\/wp-json\/wp\/v2\/pages"}],"about":[{"href":"https:\/\/www.unik-seo.com\/fr\/wp-json\/wp\/v2\/types\/page"}],"author":[{"embeddable":true,"href":"https:\/\/www.unik-seo.com\/fr\/wp-json\/wp\/v2\/users\/3"}],"replies":[{"embeddable":true,"href":"https:\/\/www.unik-seo.com\/fr\/wp-json\/wp\/v2\/comments?post=27979"}],"version-history":[{"count":4,"href":"https:\/\/www.unik-seo.com\/fr\/wp-json\/wp\/v2\/pages\/27979\/revisions"}],"predecessor-version":[{"id":31464,"href":"https:\/\/www.unik-seo.com\/fr\/wp-json\/wp\/v2\/pages\/27979\/revisions\/31464"}],"wp:featuredmedia":[{"embeddable":true,"href":"https:\/\/www.unik-seo.com\/fr\/wp-json\/wp\/v2\/media\/396"}],"wp:attachment":[{"href":"https:\/\/www.unik-seo.com\/fr\/wp-json\/wp\/v2\/media?parent=27979"}],"wp:term":[{"taxonomy":"category","embeddable":true,"href":"https:\/\/www.unik-seo.com\/fr\/wp-json\/wp\/v2\/categories?post=27979"},{"taxonomy":"post_tag","embeddable":true,"href":"https:\/\/www.unik-seo.com\/fr\/wp-json\/wp\/v2\/tags?post=27979"},{"taxonomy":"service","embeddable":true,"href":"https:\/\/www.unik-seo.com\/fr\/wp-json\/wp\/v2\/service?post=27979"}],"curies":[{"name":"wp","href":"https:\/\/api.w.org\/{rel}","templated":true}]}}