{"id":27969,"date":"2025-03-06T16:37:04","date_gmt":"2025-03-06T16:37:04","guid":{"rendered":"https:\/\/dev.unik-seo.com\/referencement\/services-daudit-seo\/"},"modified":"2025-10-01T09:29:15","modified_gmt":"2025-10-01T09:29:15","slug":"audits-seo","status":"publish","type":"page","link":"https:\/\/www.unik-seo.com\/fr\/audits-seo","title":{"rendered":"Audits SEO"},"content":{"rendered":"","protected":false},"excerpt":{"rendered":"<p>Votre site web est peut-\u00eatre beau \u00e0 l&rsquo;ext\u00e9rieur, mais s&rsquo;il n&rsquo;est pas optimis\u00e9 sous le capot, vous perdez du trafic, des classements et des revenus. Les services d&rsquo;audit SEO d&rsquo;UniK SEO, men\u00e9s par des experts, r\u00e9v\u00e8lent les probl\u00e8mes cach\u00e9s qui freinent votre site, des probl\u00e8mes techniques d&rsquo;audit SEO aux lacunes de l&rsquo;audit SEO on-page en passant par les inefficacit\u00e9s de l&rsquo;audit SEO de contenu. <\/p>\n","protected":false},"author":3,"featured_media":405,"parent":0,"menu_order":0,"comment_status":"closed","ping_status":"closed","template":"","meta":{"_acf_changed":false,"footnotes":""},"categories":[140,173],"tags":[124],"service":[],"class_list":["post-27969","page","type-page","status-publish","has-post-thumbnail","hentry","category-referencement","category-seo-par-service","tag-b2b"],"acf":[],"aioseo_notices":[],"_links":{"self":[{"href":"https:\/\/www.unik-seo.com\/fr\/wp-json\/wp\/v2\/pages\/27969","targetHints":{"allow":["GET"]}}],"collection":[{"href":"https:\/\/www.unik-seo.com\/fr\/wp-json\/wp\/v2\/pages"}],"about":[{"href":"https:\/\/www.unik-seo.com\/fr\/wp-json\/wp\/v2\/types\/page"}],"author":[{"embeddable":true,"href":"https:\/\/www.unik-seo.com\/fr\/wp-json\/wp\/v2\/users\/3"}],"replies":[{"embeddable":true,"href":"https:\/\/www.unik-seo.com\/fr\/wp-json\/wp\/v2\/comments?post=27969"}],"version-history":[{"count":2,"href":"https:\/\/www.unik-seo.com\/fr\/wp-json\/wp\/v2\/pages\/27969\/revisions"}],"predecessor-version":[{"id":30590,"href":"https:\/\/www.unik-seo.com\/fr\/wp-json\/wp\/v2\/pages\/27969\/revisions\/30590"}],"wp:featuredmedia":[{"embeddable":true,"href":"https:\/\/www.unik-seo.com\/fr\/wp-json\/wp\/v2\/media\/405"}],"wp:attachment":[{"href":"https:\/\/www.unik-seo.com\/fr\/wp-json\/wp\/v2\/media?parent=27969"}],"wp:term":[{"taxonomy":"category","embeddable":true,"href":"https:\/\/www.unik-seo.com\/fr\/wp-json\/wp\/v2\/categories?post=27969"},{"taxonomy":"post_tag","embeddable":true,"href":"https:\/\/www.unik-seo.com\/fr\/wp-json\/wp\/v2\/tags?post=27969"},{"taxonomy":"service","embeddable":true,"href":"https:\/\/www.unik-seo.com\/fr\/wp-json\/wp\/v2\/service?post=27969"}],"curies":[{"name":"wp","href":"https:\/\/api.w.org\/{rel}","templated":true}]}}