{"id":27386,"date":"2025-04-04T13:27:06","date_gmt":"2025-04-04T13:27:06","guid":{"rendered":"https:\/\/dev.unik-seo.com\/services-de-referencement-pour-les-franchises\/"},"modified":"2025-10-01T09:36:34","modified_gmt":"2025-10-01T09:36:34","slug":"franchise-seo","status":"publish","type":"page","link":"https:\/\/www.unik-seo.com\/fr\/franchise-seo","title":{"rendered":"SEO pour Franchise"},"content":{"rendered":"","protected":false},"excerpt":{"rendered":"<p>Si vous souhaitez d\u00e9velopper votre entreprise multi-locale en ligne, UniK SEO offre des services de r\u00e9f\u00e9rencement de franchise experts con\u00e7us pour aider chaque emplacement \u00e0 se classer localement tandis que votre marque gagne en visibilit\u00e9 nationale. De l&rsquo;audit technique au r\u00e9f\u00e9rencement local, en passant par les strat\u00e9gies de contenu \u00e9volutives et la cr\u00e9ation de liens, notre agence de r\u00e9f\u00e9rencement pour franchises \u00e9labore des solutions sur mesure qui soutiennent la structure de votre entreprise, am\u00e9liorent le classement dans les moteurs de recherche et g\u00e9n\u00e8rent plus de clients potentiels, emplacement par emplacement. D\u00e9couvrez \u00e0 quoi devrait ressembler le r\u00e9f\u00e9rencement pour les franchises.  <\/p>\n","protected":false},"author":3,"featured_media":561,"parent":0,"menu_order":0,"comment_status":"closed","ping_status":"closed","template":"","meta":{"_acf_changed":false,"footnotes":""},"categories":[140,147],"tags":[124],"service":[],"class_list":["post-27386","page","type-page","status-publish","has-post-thumbnail","hentry","category-referencement","category-seo-par-secteur-dactivite","tag-b2b"],"acf":[],"aioseo_notices":[],"_links":{"self":[{"href":"https:\/\/www.unik-seo.com\/fr\/wp-json\/wp\/v2\/pages\/27386","targetHints":{"allow":["GET"]}}],"collection":[{"href":"https:\/\/www.unik-seo.com\/fr\/wp-json\/wp\/v2\/pages"}],"about":[{"href":"https:\/\/www.unik-seo.com\/fr\/wp-json\/wp\/v2\/types\/page"}],"author":[{"embeddable":true,"href":"https:\/\/www.unik-seo.com\/fr\/wp-json\/wp\/v2\/users\/3"}],"replies":[{"embeddable":true,"href":"https:\/\/www.unik-seo.com\/fr\/wp-json\/wp\/v2\/comments?post=27386"}],"version-history":[{"count":3,"href":"https:\/\/www.unik-seo.com\/fr\/wp-json\/wp\/v2\/pages\/27386\/revisions"}],"predecessor-version":[{"id":30664,"href":"https:\/\/www.unik-seo.com\/fr\/wp-json\/wp\/v2\/pages\/27386\/revisions\/30664"}],"wp:featuredmedia":[{"embeddable":true,"href":"https:\/\/www.unik-seo.com\/fr\/wp-json\/wp\/v2\/media\/561"}],"wp:attachment":[{"href":"https:\/\/www.unik-seo.com\/fr\/wp-json\/wp\/v2\/media?parent=27386"}],"wp:term":[{"taxonomy":"category","embeddable":true,"href":"https:\/\/www.unik-seo.com\/fr\/wp-json\/wp\/v2\/categories?post=27386"},{"taxonomy":"post_tag","embeddable":true,"href":"https:\/\/www.unik-seo.com\/fr\/wp-json\/wp\/v2\/tags?post=27386"},{"taxonomy":"service","embeddable":true,"href":"https:\/\/www.unik-seo.com\/fr\/wp-json\/wp\/v2\/service?post=27386"}],"curies":[{"name":"wp","href":"https:\/\/api.w.org\/{rel}","templated":true}]}}