{"id":27153,"date":"2025-04-04T13:32:44","date_gmt":"2025-04-04T13:32:44","guid":{"rendered":"https:\/\/dev.unik-seo.com\/seo-wordpress\/"},"modified":"2025-10-01T09:19:53","modified_gmt":"2025-10-01T09:19:53","slug":"referencement-wordpress","status":"publish","type":"page","link":"https:\/\/www.unik-seo.com\/fr\/referencement-wordpress","title":{"rendered":"R\u00e9f\u00e9rencement WordPress"},"content":{"rendered":"","protected":false},"excerpt":{"rendered":"<p>Chez UniK SEO, nous ne nous contentons pas de faire du r\u00e9f\u00e9rencement g\u00e9n\u00e9rique &#8211; nous vivons et respirons le r\u00e9f\u00e9rencement de WordPress. Des mises \u00e0 jour de base aux crochets de th\u00e8mes personnalis\u00e9s, nous comprenons les tenants et les aboutissants de ce qui fait vibrer WordPress &#8211; et plus important encore, comment l&rsquo;amener \u00e0 se classer. <\/p>\n","protected":false},"author":3,"featured_media":684,"parent":0,"menu_order":0,"comment_status":"closed","ping_status":"closed","template":"","meta":{"_acf_changed":false,"footnotes":""},"categories":[140,141],"tags":[124],"service":[],"class_list":["post-27153","page","type-page","status-publish","has-post-thumbnail","hentry","category-referencement","category-seo-par-cms","tag-b2b"],"acf":[],"aioseo_notices":[],"_links":{"self":[{"href":"https:\/\/www.unik-seo.com\/fr\/wp-json\/wp\/v2\/pages\/27153","targetHints":{"allow":["GET"]}}],"collection":[{"href":"https:\/\/www.unik-seo.com\/fr\/wp-json\/wp\/v2\/pages"}],"about":[{"href":"https:\/\/www.unik-seo.com\/fr\/wp-json\/wp\/v2\/types\/page"}],"author":[{"embeddable":true,"href":"https:\/\/www.unik-seo.com\/fr\/wp-json\/wp\/v2\/users\/3"}],"replies":[{"embeddable":true,"href":"https:\/\/www.unik-seo.com\/fr\/wp-json\/wp\/v2\/comments?post=27153"}],"version-history":[{"count":2,"href":"https:\/\/www.unik-seo.com\/fr\/wp-json\/wp\/v2\/pages\/27153\/revisions"}],"predecessor-version":[{"id":30645,"href":"https:\/\/www.unik-seo.com\/fr\/wp-json\/wp\/v2\/pages\/27153\/revisions\/30645"}],"wp:featuredmedia":[{"embeddable":true,"href":"https:\/\/www.unik-seo.com\/fr\/wp-json\/wp\/v2\/media\/684"}],"wp:attachment":[{"href":"https:\/\/www.unik-seo.com\/fr\/wp-json\/wp\/v2\/media?parent=27153"}],"wp:term":[{"taxonomy":"category","embeddable":true,"href":"https:\/\/www.unik-seo.com\/fr\/wp-json\/wp\/v2\/categories?post=27153"},{"taxonomy":"post_tag","embeddable":true,"href":"https:\/\/www.unik-seo.com\/fr\/wp-json\/wp\/v2\/tags?post=27153"},{"taxonomy":"service","embeddable":true,"href":"https:\/\/www.unik-seo.com\/fr\/wp-json\/wp\/v2\/service?post=27153"}],"curies":[{"name":"wp","href":"https:\/\/api.w.org\/{rel}","templated":true}]}}