{"id":27124,"date":"2025-04-04T13:35:33","date_gmt":"2025-04-04T13:35:33","guid":{"rendered":"https:\/\/dev.unik-seo.com\/wix-seo\/"},"modified":"2025-10-01T09:21:20","modified_gmt":"2025-10-01T09:21:20","slug":"referencement-wix","status":"publish","type":"page","link":"https:\/\/www.unik-seo.com\/fr\/referencement-wix","title":{"rendered":"R\u00e9f\u00e9rencement WIX"},"content":{"rendered":"","protected":false},"excerpt":{"rendered":"<p>Chez UniK SEO, nous traitons le r\u00e9f\u00e9rencement Wix comme vous traitez le tableau de bord de votre propre site : avec pr\u00e9cision, strat\u00e9gie et un \u0153il pour ce qui est vraiment performant. Nous ne sommes pas n&rsquo;importe quelle agence &#8211; nous sommes votre expert Wix SEO, \u00e9quip\u00e9 pour faire monter en fl\u00e8che la visibilit\u00e9 de votre site sans compromettre votre design, votre marque, ou la mise en page propre que vous avez laborieusement construite dans l&rsquo;\u00e9diteur Wix. <\/p>\n","protected":false},"author":3,"featured_media":678,"parent":0,"menu_order":0,"comment_status":"closed","ping_status":"closed","template":"","meta":{"_acf_changed":false,"footnotes":""},"categories":[140,141],"tags":[124],"service":[],"class_list":["post-27124","page","type-page","status-publish","has-post-thumbnail","hentry","category-referencement","category-seo-par-cms","tag-b2b"],"acf":[],"aioseo_notices":[],"_links":{"self":[{"href":"https:\/\/www.unik-seo.com\/fr\/wp-json\/wp\/v2\/pages\/27124","targetHints":{"allow":["GET"]}}],"collection":[{"href":"https:\/\/www.unik-seo.com\/fr\/wp-json\/wp\/v2\/pages"}],"about":[{"href":"https:\/\/www.unik-seo.com\/fr\/wp-json\/wp\/v2\/types\/page"}],"author":[{"embeddable":true,"href":"https:\/\/www.unik-seo.com\/fr\/wp-json\/wp\/v2\/users\/3"}],"replies":[{"embeddable":true,"href":"https:\/\/www.unik-seo.com\/fr\/wp-json\/wp\/v2\/comments?post=27124"}],"version-history":[{"count":2,"href":"https:\/\/www.unik-seo.com\/fr\/wp-json\/wp\/v2\/pages\/27124\/revisions"}],"predecessor-version":[{"id":30650,"href":"https:\/\/www.unik-seo.com\/fr\/wp-json\/wp\/v2\/pages\/27124\/revisions\/30650"}],"wp:featuredmedia":[{"embeddable":true,"href":"https:\/\/www.unik-seo.com\/fr\/wp-json\/wp\/v2\/media\/678"}],"wp:attachment":[{"href":"https:\/\/www.unik-seo.com\/fr\/wp-json\/wp\/v2\/media?parent=27124"}],"wp:term":[{"taxonomy":"category","embeddable":true,"href":"https:\/\/www.unik-seo.com\/fr\/wp-json\/wp\/v2\/categories?post=27124"},{"taxonomy":"post_tag","embeddable":true,"href":"https:\/\/www.unik-seo.com\/fr\/wp-json\/wp\/v2\/tags?post=27124"},{"taxonomy":"service","embeddable":true,"href":"https:\/\/www.unik-seo.com\/fr\/wp-json\/wp\/v2\/service?post=27124"}],"curies":[{"name":"wp","href":"https:\/\/api.w.org\/{rel}","templated":true}]}}