{"id":27108,"date":"2025-04-07T21:42:41","date_gmt":"2025-04-07T21:42:41","guid":{"rendered":"https:\/\/dev.unik-seo.com\/services-de-marketing-des-medias-sociaux\/"},"modified":"2025-10-27T11:58:01","modified_gmt":"2025-10-27T11:58:01","slug":"social-media-marketing","status":"publish","type":"page","link":"https:\/\/www.unik-seo.com\/fr\/social-media-marketing","title":{"rendered":"Marketing des m\u00e9dias sociaux"},"content":{"rendered":"","protected":false},"excerpt":{"rendered":"<p>Chez UniK SEO, nos services de marketing des m\u00e9dias sociaux audacieux sont votre \u00e9quipe personnelle de hype, votre \u00e9quipe de glow-up et votre \u00e9quipe de strat\u00e9gie, le tout en un. Nous ne nous contentons pas de vous aider \u00e0 publier vos r\u00e9sultats, nous vous aidons \u00e0 les diffuser.<x id=\"gid_0\"><\/x>Votre marque est sur le point de devenir Insta-famous. Point.  <\/p>\n","protected":false},"author":3,"featured_media":522,"parent":0,"menu_order":0,"comment_status":"closed","ping_status":"closed","template":"","meta":{"_acf_changed":false,"footnotes":""},"categories":[138],"tags":[124,261],"service":[],"class_list":["post-27108","page","type-page","status-publish","has-post-thumbnail","hentry","category-social-et-donnees","tag-b2b","tag-social-media"],"acf":[],"aioseo_notices":[],"_links":{"self":[{"href":"https:\/\/www.unik-seo.com\/fr\/wp-json\/wp\/v2\/pages\/27108","targetHints":{"allow":["GET"]}}],"collection":[{"href":"https:\/\/www.unik-seo.com\/fr\/wp-json\/wp\/v2\/pages"}],"about":[{"href":"https:\/\/www.unik-seo.com\/fr\/wp-json\/wp\/v2\/types\/page"}],"author":[{"embeddable":true,"href":"https:\/\/www.unik-seo.com\/fr\/wp-json\/wp\/v2\/users\/3"}],"replies":[{"embeddable":true,"href":"https:\/\/www.unik-seo.com\/fr\/wp-json\/wp\/v2\/comments?post=27108"}],"version-history":[{"count":3,"href":"https:\/\/www.unik-seo.com\/fr\/wp-json\/wp\/v2\/pages\/27108\/revisions"}],"predecessor-version":[{"id":31460,"href":"https:\/\/www.unik-seo.com\/fr\/wp-json\/wp\/v2\/pages\/27108\/revisions\/31460"}],"wp:featuredmedia":[{"embeddable":true,"href":"https:\/\/www.unik-seo.com\/fr\/wp-json\/wp\/v2\/media\/522"}],"wp:attachment":[{"href":"https:\/\/www.unik-seo.com\/fr\/wp-json\/wp\/v2\/media?parent=27108"}],"wp:term":[{"taxonomy":"category","embeddable":true,"href":"https:\/\/www.unik-seo.com\/fr\/wp-json\/wp\/v2\/categories?post=27108"},{"taxonomy":"post_tag","embeddable":true,"href":"https:\/\/www.unik-seo.com\/fr\/wp-json\/wp\/v2\/tags?post=27108"},{"taxonomy":"service","embeddable":true,"href":"https:\/\/www.unik-seo.com\/fr\/wp-json\/wp\/v2\/service?post=27108"}],"curies":[{"name":"wp","href":"https:\/\/api.w.org\/{rel}","templated":true}]}}