{"id":27106,"date":"2025-04-07T20:51:24","date_gmt":"2025-04-07T20:51:24","guid":{"rendered":"https:\/\/dev.unik-seo.com\/annonces-programmatiques\/"},"modified":"2025-09-17T17:59:43","modified_gmt":"2025-09-17T17:59:43","slug":"annonces-programmatiques","status":"publish","type":"page","link":"https:\/\/www.unik-seo.com\/fr\/annonces-programmatiques","title":{"rendered":"Annonces programmatiques"},"content":{"rendered":"","protected":false},"excerpt":{"rendered":"<p>La publicit\u00e9 programmatique est la r\u00e9f\u00e9rence en mati\u00e8re de pr\u00e9cision, d&rsquo;\u00e9chelle et de performances bas\u00e9es sur les donn\u00e9es, bien qu&rsquo;UniK SEO soit bien plus qu&rsquo;une agence de publicit\u00e9 programmatique &#8211; nous sommes vos partenaires strat\u00e9giques, architectes de campagnes hyper-cibl\u00e9es qui exploitent tout le potentiel des solutions de publicit\u00e9 programmatique.<\/p>\n","protected":false},"author":3,"featured_media":498,"parent":0,"menu_order":0,"comment_status":"closed","ping_status":"closed","template":"","meta":{"_acf_changed":false,"footnotes":""},"categories":[144],"tags":[264,124],"service":[],"class_list":["post-27106","page","type-page","status-publish","has-post-thumbnail","hentry","category-cpp","tag-ads","tag-b2b"],"acf":[],"aioseo_notices":[],"_links":{"self":[{"href":"https:\/\/www.unik-seo.com\/fr\/wp-json\/wp\/v2\/pages\/27106","targetHints":{"allow":["GET"]}}],"collection":[{"href":"https:\/\/www.unik-seo.com\/fr\/wp-json\/wp\/v2\/pages"}],"about":[{"href":"https:\/\/www.unik-seo.com\/fr\/wp-json\/wp\/v2\/types\/page"}],"author":[{"embeddable":true,"href":"https:\/\/www.unik-seo.com\/fr\/wp-json\/wp\/v2\/users\/3"}],"replies":[{"embeddable":true,"href":"https:\/\/www.unik-seo.com\/fr\/wp-json\/wp\/v2\/comments?post=27106"}],"version-history":[{"count":1,"href":"https:\/\/www.unik-seo.com\/fr\/wp-json\/wp\/v2\/pages\/27106\/revisions"}],"predecessor-version":[{"id":27107,"href":"https:\/\/www.unik-seo.com\/fr\/wp-json\/wp\/v2\/pages\/27106\/revisions\/27107"}],"wp:featuredmedia":[{"embeddable":true,"href":"https:\/\/www.unik-seo.com\/fr\/wp-json\/wp\/v2\/media\/498"}],"wp:attachment":[{"href":"https:\/\/www.unik-seo.com\/fr\/wp-json\/wp\/v2\/media?parent=27106"}],"wp:term":[{"taxonomy":"category","embeddable":true,"href":"https:\/\/www.unik-seo.com\/fr\/wp-json\/wp\/v2\/categories?post=27106"},{"taxonomy":"post_tag","embeddable":true,"href":"https:\/\/www.unik-seo.com\/fr\/wp-json\/wp\/v2\/tags?post=27106"},{"taxonomy":"service","embeddable":true,"href":"https:\/\/www.unik-seo.com\/fr\/wp-json\/wp\/v2\/service?post=27106"}],"curies":[{"name":"wp","href":"https:\/\/api.w.org\/{rel}","templated":true}]}}