{"id":27084,"date":"2025-04-04T13:38:41","date_gmt":"2025-04-04T13:38:41","guid":{"rendered":"https:\/\/dev.unik-seo.com\/referencement-amazon\/"},"modified":"2025-09-17T17:59:27","modified_gmt":"2025-09-17T17:59:27","slug":"referencement-amazon","status":"publish","type":"page","link":"https:\/\/www.unik-seo.com\/fr\/referencement-amazon","title":{"rendered":"R\u00e9f\u00e9rencement Amazon"},"content":{"rendered":"","protected":false},"excerpt":{"rendered":"<p>Le r\u00e9f\u00e9rencement sur Amazon fait partie int\u00e9grante de toute entreprise qui esp\u00e8re prosp\u00e9rer et se d\u00e9velopper avec l&rsquo;aide d&rsquo;Amazon en tant que partenaire de vente et de distribution. Amazon gagne des millions de dollars en r\u00e9alisant des produits et en les exp\u00e9diant avec des petites et moyennes entreprises. Ils font donc partie int\u00e9grante de la liste des produits et des ventes de votre entreprise.  <\/p>\n","protected":false},"author":3,"featured_media":660,"parent":0,"menu_order":0,"comment_status":"closed","ping_status":"closed","template":"","meta":{"_acf_changed":false,"footnotes":""},"categories":[140,141],"tags":[121],"service":[],"class_list":["post-27084","page","type-page","status-publish","has-post-thumbnail","hentry","category-referencement","category-seo-par-cms","tag-e-commerce"],"acf":[],"aioseo_notices":[],"_links":{"self":[{"href":"https:\/\/www.unik-seo.com\/fr\/wp-json\/wp\/v2\/pages\/27084","targetHints":{"allow":["GET"]}}],"collection":[{"href":"https:\/\/www.unik-seo.com\/fr\/wp-json\/wp\/v2\/pages"}],"about":[{"href":"https:\/\/www.unik-seo.com\/fr\/wp-json\/wp\/v2\/types\/page"}],"author":[{"embeddable":true,"href":"https:\/\/www.unik-seo.com\/fr\/wp-json\/wp\/v2\/users\/3"}],"replies":[{"embeddable":true,"href":"https:\/\/www.unik-seo.com\/fr\/wp-json\/wp\/v2\/comments?post=27084"}],"version-history":[{"count":1,"href":"https:\/\/www.unik-seo.com\/fr\/wp-json\/wp\/v2\/pages\/27084\/revisions"}],"predecessor-version":[{"id":27089,"href":"https:\/\/www.unik-seo.com\/fr\/wp-json\/wp\/v2\/pages\/27084\/revisions\/27089"}],"wp:featuredmedia":[{"embeddable":true,"href":"https:\/\/www.unik-seo.com\/fr\/wp-json\/wp\/v2\/media\/660"}],"wp:attachment":[{"href":"https:\/\/www.unik-seo.com\/fr\/wp-json\/wp\/v2\/media?parent=27084"}],"wp:term":[{"taxonomy":"category","embeddable":true,"href":"https:\/\/www.unik-seo.com\/fr\/wp-json\/wp\/v2\/categories?post=27084"},{"taxonomy":"post_tag","embeddable":true,"href":"https:\/\/www.unik-seo.com\/fr\/wp-json\/wp\/v2\/tags?post=27084"},{"taxonomy":"service","embeddable":true,"href":"https:\/\/www.unik-seo.com\/fr\/wp-json\/wp\/v2\/service?post=27084"}],"curies":[{"name":"wp","href":"https:\/\/api.w.org\/{rel}","templated":true}]}}