{"id":27071,"date":"2025-04-07T21:34:24","date_gmt":"2025-04-07T21:34:24","guid":{"rendered":"https:\/\/dev.unik-seo.com\/services-de-gestion-des-subventions-google\/"},"modified":"2025-10-28T00:30:00","modified_gmt":"2025-10-28T00:30:00","slug":"google-grants","status":"publish","type":"page","link":"https:\/\/www.unik-seo.com\/fr\/google-grants","title":{"rendered":"Gestion des subventions Google"},"content":{"rendered":"","protected":false},"excerpt":{"rendered":"<p>UniK SEO offre des services experts de gestion des subventions Google et des services de r\u00e9f\u00e9rencement des subventions adapt\u00e9s pour aider les organisations \u00e0 but non lucratif \u00e0 stimuler la visibilit\u00e9, attirer les donateurs et conduire un impact mesurable. De la mise en place de l&rsquo;\u00e9ligibilit\u00e9 \u00e0 l&rsquo;optimisation compl\u00e8te de la campagne, nous nous occupons de tout, afin que vous puissiez vous concentrer sur votre mission pendant que nous nous occupons de la performance, de la conformit\u00e9 et de la croissance. <\/p>\n","protected":false},"author":3,"featured_media":480,"parent":0,"menu_order":0,"comment_status":"closed","ping_status":"closed","template":"","meta":{"_acf_changed":false,"footnotes":""},"categories":[144],"tags":[264,124],"service":[],"class_list":["post-27071","page","type-page","status-publish","has-post-thumbnail","hentry","category-cpp","tag-ads","tag-b2b"],"acf":[],"aioseo_notices":[],"_links":{"self":[{"href":"https:\/\/www.unik-seo.com\/fr\/wp-json\/wp\/v2\/pages\/27071","targetHints":{"allow":["GET"]}}],"collection":[{"href":"https:\/\/www.unik-seo.com\/fr\/wp-json\/wp\/v2\/pages"}],"about":[{"href":"https:\/\/www.unik-seo.com\/fr\/wp-json\/wp\/v2\/types\/page"}],"author":[{"embeddable":true,"href":"https:\/\/www.unik-seo.com\/fr\/wp-json\/wp\/v2\/users\/3"}],"replies":[{"embeddable":true,"href":"https:\/\/www.unik-seo.com\/fr\/wp-json\/wp\/v2\/comments?post=27071"}],"version-history":[{"count":3,"href":"https:\/\/www.unik-seo.com\/fr\/wp-json\/wp\/v2\/pages\/27071\/revisions"}],"predecessor-version":[{"id":31470,"href":"https:\/\/www.unik-seo.com\/fr\/wp-json\/wp\/v2\/pages\/27071\/revisions\/31470"}],"wp:featuredmedia":[{"embeddable":true,"href":"https:\/\/www.unik-seo.com\/fr\/wp-json\/wp\/v2\/media\/480"}],"wp:attachment":[{"href":"https:\/\/www.unik-seo.com\/fr\/wp-json\/wp\/v2\/media?parent=27071"}],"wp:term":[{"taxonomy":"category","embeddable":true,"href":"https:\/\/www.unik-seo.com\/fr\/wp-json\/wp\/v2\/categories?post=27071"},{"taxonomy":"post_tag","embeddable":true,"href":"https:\/\/www.unik-seo.com\/fr\/wp-json\/wp\/v2\/tags?post=27071"},{"taxonomy":"service","embeddable":true,"href":"https:\/\/www.unik-seo.com\/fr\/wp-json\/wp\/v2\/service?post=27071"}],"curies":[{"name":"wp","href":"https:\/\/api.w.org\/{rel}","templated":true}]}}