{"id":27062,"date":"2025-04-07T21:35:48","date_gmt":"2025-04-07T21:35:48","guid":{"rendered":"https:\/\/dev.unik-seo.com\/publicite-pour-adultes-avec-le-programmatique\/"},"modified":"2026-03-28T20:52:48","modified_gmt":"2026-03-28T20:52:48","slug":"publicite-adulte","status":"publish","type":"page","link":"https:\/\/www.unik-seo.com\/fr\/publicite-adulte","title":{"rendered":"Publicit\u00e9 pour adultes avec le programmatique"},"content":{"rendered":"","protected":false},"excerpt":{"rendered":"<p>Bien plus que des sp\u00e9cialistes du marketing digital, l&rsquo;\u00e9quipe d&rsquo;UniK SEO est compos\u00e9e de pros chevronn\u00e9s de la publicit\u00e9 dans l&rsquo;industrie adulte via le programmatique, aidant les marques \u00e0 briser les barri\u00e8res, \u00e0 booster le trafic et \u00e0 changer d&rsquo;\u00e9chelle avec une pr\u00e9cision chirurgicale.<\/p>\n","protected":false},"author":3,"featured_media":471,"parent":0,"menu_order":0,"comment_status":"closed","ping_status":"closed","template":"","meta":{"_acf_changed":false,"footnotes":""},"categories":[144],"tags":[149],"service":[],"class_list":["post-27062","page","type-page","status-publish","has-post-thumbnail","hentry","category-cpp","tag-adult"],"acf":[],"aioseo_notices":[],"_links":{"self":[{"href":"https:\/\/www.unik-seo.com\/fr\/wp-json\/wp\/v2\/pages\/27062","targetHints":{"allow":["GET"]}}],"collection":[{"href":"https:\/\/www.unik-seo.com\/fr\/wp-json\/wp\/v2\/pages"}],"about":[{"href":"https:\/\/www.unik-seo.com\/fr\/wp-json\/wp\/v2\/types\/page"}],"author":[{"embeddable":true,"href":"https:\/\/www.unik-seo.com\/fr\/wp-json\/wp\/v2\/users\/3"}],"replies":[{"embeddable":true,"href":"https:\/\/www.unik-seo.com\/fr\/wp-json\/wp\/v2\/comments?post=27062"}],"version-history":[{"count":3,"href":"https:\/\/www.unik-seo.com\/fr\/wp-json\/wp\/v2\/pages\/27062\/revisions"}],"predecessor-version":[{"id":31725,"href":"https:\/\/www.unik-seo.com\/fr\/wp-json\/wp\/v2\/pages\/27062\/revisions\/31725"}],"wp:featuredmedia":[{"embeddable":true,"href":"https:\/\/www.unik-seo.com\/fr\/wp-json\/wp\/v2\/media\/471"}],"wp:attachment":[{"href":"https:\/\/www.unik-seo.com\/fr\/wp-json\/wp\/v2\/media?parent=27062"}],"wp:term":[{"taxonomy":"category","embeddable":true,"href":"https:\/\/www.unik-seo.com\/fr\/wp-json\/wp\/v2\/categories?post=27062"},{"taxonomy":"post_tag","embeddable":true,"href":"https:\/\/www.unik-seo.com\/fr\/wp-json\/wp\/v2\/tags?post=27062"},{"taxonomy":"service","embeddable":true,"href":"https:\/\/www.unik-seo.com\/fr\/wp-json\/wp\/v2\/service?post=27062"}],"curies":[{"name":"wp","href":"https:\/\/api.w.org\/{rel}","templated":true}]}}