{"id":27037,"date":"2025-04-04T13:28:32","date_gmt":"2025-04-04T13:28:32","guid":{"rendered":"https:\/\/dev.unik-seo.com\/nft-seo\/"},"modified":"2025-09-17T17:59:20","modified_gmt":"2025-09-17T17:59:20","slug":"nft-seo","status":"publish","type":"page","link":"https:\/\/www.unik-seo.com\/fr\/nft-seo","title":{"rendered":"NFT SEO"},"content":{"rendered":"","protected":false},"excerpt":{"rendered":"<p>Chez UniK SEO, nous comprenons que votre projet NFT (Non-Fungible Token) est plus que des pixels sur une cha\u00eene &#8211; c&rsquo;est un \u00e9cosyst\u00e8me vivant avec une communaut\u00e9 de d\u00e9tenteurs, une feuille de route qui \u00e9volue en temps r\u00e9el, et un r\u00e9cit qui doit r\u00e9sonner au-del\u00e0 de Discord.<\/p>\n","protected":false},"author":3,"featured_media":633,"parent":0,"menu_order":0,"comment_status":"closed","ping_status":"closed","template":"","meta":{"_acf_changed":false,"footnotes":""},"categories":[140,147],"tags":[122],"service":[],"class_list":["post-27037","page","type-page","status-publish","has-post-thumbnail","hentry","category-referencement","category-seo-par-secteur-dactivite","tag-crypto"],"acf":[],"aioseo_notices":[],"_links":{"self":[{"href":"https:\/\/www.unik-seo.com\/fr\/wp-json\/wp\/v2\/pages\/27037","targetHints":{"allow":["GET"]}}],"collection":[{"href":"https:\/\/www.unik-seo.com\/fr\/wp-json\/wp\/v2\/pages"}],"about":[{"href":"https:\/\/www.unik-seo.com\/fr\/wp-json\/wp\/v2\/types\/page"}],"author":[{"embeddable":true,"href":"https:\/\/www.unik-seo.com\/fr\/wp-json\/wp\/v2\/users\/3"}],"replies":[{"embeddable":true,"href":"https:\/\/www.unik-seo.com\/fr\/wp-json\/wp\/v2\/comments?post=27037"}],"version-history":[{"count":1,"href":"https:\/\/www.unik-seo.com\/fr\/wp-json\/wp\/v2\/pages\/27037\/revisions"}],"predecessor-version":[{"id":27038,"href":"https:\/\/www.unik-seo.com\/fr\/wp-json\/wp\/v2\/pages\/27037\/revisions\/27038"}],"wp:featuredmedia":[{"embeddable":true,"href":"https:\/\/www.unik-seo.com\/fr\/wp-json\/wp\/v2\/media\/633"}],"wp:attachment":[{"href":"https:\/\/www.unik-seo.com\/fr\/wp-json\/wp\/v2\/media?parent=27037"}],"wp:term":[{"taxonomy":"category","embeddable":true,"href":"https:\/\/www.unik-seo.com\/fr\/wp-json\/wp\/v2\/categories?post=27037"},{"taxonomy":"post_tag","embeddable":true,"href":"https:\/\/www.unik-seo.com\/fr\/wp-json\/wp\/v2\/tags?post=27037"},{"taxonomy":"service","embeddable":true,"href":"https:\/\/www.unik-seo.com\/fr\/wp-json\/wp\/v2\/service?post=27037"}],"curies":[{"name":"wp","href":"https:\/\/api.w.org\/{rel}","templated":true}]}}