{"id":27025,"date":"2025-04-08T17:27:17","date_gmt":"2025-04-08T17:27:17","guid":{"rendered":"https:\/\/dev.unik-seo.com\/conditions-generales-dutilisation\/"},"modified":"2025-09-11T08:58:01","modified_gmt":"2025-09-11T08:58:01","slug":"conditions-generales-dutilisation","status":"publish","type":"page","link":"https:\/\/www.unik-seo.com\/fr\/conditions-generales-dutilisation","title":{"rendered":"Conditions g\u00e9n\u00e9rales d&rsquo;utilisation"},"content":{"rendered":"\n<h2 class=\"wp-block-heading\">Informations juridiques<\/h2>\n\n<h2 class=\"wp-block-heading\">1. Pr\u00e9sentation du site<\/h2>\n\n<p>En vertu de l&rsquo;article 6 de la loi n\u00b0 2004-575 du 21 juin 2004 pour la confiance dans l&rsquo;\u00e9conomie num\u00e9rique, il est pr\u00e9cis\u00e9 aux utilisateurs du site www.unik-seo.com l&rsquo;identit\u00e9 des diff\u00e9rents intervenants dans le cadre de sa r\u00e9alisation et de son suivi :<\/p>\n\n<ul class=\"wp-block-list\">\n<li><strong>Propri\u00e9taire : <\/strong>Pragmatikexpert Lda. &#8211; 514064820 &#8211; UNIK SEO &#8211; Avenida do Forte, 8, Fra\u00e7\u00e3o O1. 2790-072 Carnaxide. Portugal   <\/li>\n\n\n\n<li><strong>Cr\u00e9ateur : <\/strong><a href=\"https:\/\/www.unik-seo.com\/\" title=\"\">UniK SEO<\/a><\/li>\n\n\n\n<li><strong>Responsable de la publication :<\/strong> Gr\u00e9goire Lacan &#8211; <a href=\"mailto:info@unik-seo.com\">info@unik-seo.com<\/a><\/li>\n\n\n\n<li>Le directeur de publication est une personne physique ou morale.<\/li>\n\n\n\n<li><strong>Webmaster :<\/strong> Gr\u00e9goire Lacan &#8211; <a href=\"mailto:info@unik-seo.com\">info@unik-seo.com<\/a><\/li>\n\n\n\n<li><strong>H\u00f4te : <\/strong>UniK SEO &#8211; Avenida do Forte, 8, Fra\u00e7\u00e3o O1. 2790-072 Carnaxide. Portugal  <\/li>\n<\/ul>\n\n<h2 class=\"wp-block-heading\">2. Conditions g\u00e9n\u00e9rales d&rsquo;utilisation du site et des services offerts<\/h2>\n\n<p>L&rsquo;utilisation du site <a href=\"http:\/\/www.unik-seo.com\" title=\"www.unik-seo.com\">www.unik-seo.com<\/a> implique l&rsquo;acceptation pleine et enti\u00e8re des conditions g\u00e9n\u00e9rales d&rsquo;utilisation ci-apr\u00e8s d\u00e9crites. Ces conditions d&rsquo;utilisation sont susceptibles d&rsquo;\u00eatre modifi\u00e9es ou compl\u00e9t\u00e9es \u00e0 tout moment, les utilisateurs du site www.unik-seo.com sont donc invit\u00e9s \u00e0 les consulter de mani\u00e8re r\u00e9guli\u00e8re. <\/p>\n\n<p>Ce site est normalement accessible aux utilisateurs \u00e0 tout moment. Une interruption pour raison de maintenance technique peut \u00eatre toutefois d\u00e9cid\u00e9e par Pragmatikexpert Lda., qui s&rsquo;efforcera alors de communiquer pr\u00e9alablement aux utilisateurs les dates et heures de l&rsquo;intervention.  <\/p>\n\n<p>Le site <a href=\"http:\/\/www.unik-seo.com\" title=\"\">Pragmatikexpert Lda<\/a>.<\/p>\n\n<p>Le site <a href=\"http:\/\/www.unik-seo.com\" title=\"\">www.unik-seo.com<\/a> est mis \u00e0 jour r\u00e9guli\u00e8rement par Gr\u00e9goire Lacan. De la m\u00eame fa\u00e7on, les mentions l\u00e9gales peuvent \u00eatre modifi\u00e9es \u00e0 tout moment : elles s&rsquo;imposent n\u00e9anmoins \u00e0 l&rsquo;utilisateur qui est invit\u00e9 \u00e0 s&rsquo;y r\u00e9f\u00e9rer le plus souvent possible afin d&rsquo;en prendre connaissance. <\/p>\n\n<h2 class=\"wp-block-heading\">3. Description des services fournis<\/h2>\n\n<p>Le site <a href=\"https:\/\/www.unik-seo.com\/\" title=\"\">www.unik-seo.com<\/a> a pour objet de fournir une information concernant l&rsquo;ensemble des activit\u00e9s de la soci\u00e9t\u00e9.<\/p>\n\n<ol start=\"3\" class=\"wp-block-list\">\n<li><\/li>\n<\/ol>\n\n<p>Pragmatikexpert Lda. s&rsquo;efforce de fournir sur le site <a href=\"https:\/\/www.unik-seo.com\/\" title=\"\">www.unik-seo.com<\/a> des informations aussi pr\u00e9cises que possible. Toutefois, elle ne pourra \u00eatre tenue responsable des omissions, des inexactitudes et des carences dans la mise \u00e0 jour, qu&rsquo;elles soient de son fait ou du fait des tiers partenaires qui lui fournissent ces informations.  <\/p>\n\n<p>Tous les informations indiqu\u00e9es sur le site <a href=\"https:\/\/www.unik-seo.com\/\" title=\"\">www.unik-seo.com<\/a> sont donn\u00e9es \u00e0 titre indicatif, et sont susceptibles d&rsquo;\u00e9voluer. Par ailleurs, les renseignements figurant sur le site <a href=\"https:\/\/www.unik-seo.com\/\" title=\"\">www.unik-seo.com<\/a> ne sont pas exhaustifs. Ils sont donn\u00e9s sous r\u00e9serve de modifications ayant \u00e9t\u00e9 apport\u00e9es depuis leur mise en ligne.  <\/p>\n\n<h2 class=\"wp-block-heading\">4. Limitations contractuelles des donn\u00e9es techniques<\/h2>\n\n<p>Le site web utilise la technologie JavaScript.<\/p>\n\n<p>Le site ne pourra \u00eatre tenu responsable de dommages mat\u00e9riels li\u00e9s \u00e0 l&rsquo;utilisation du site. De plus, l&rsquo;utilisateur du site s&rsquo;engage \u00e0 acc\u00e9der au site en utilisant un mat\u00e9riel r\u00e9cent, ne contenant pas de virus et avec un navigateur de derni\u00e8re g\u00e9n\u00e9ration mis \u00e0 jour. <\/p>\n\n<h2 class=\"wp-block-heading\">5. Propri\u00e9t\u00e9 intellectuelle et contrefa\u00e7on<\/h2>\n\n<p>Pragmatikexpert Lda. est propri\u00e9taire des droits de propri\u00e9t\u00e9 intellectuelle ou d\u00e9tient les droits d&rsquo;usage sur tous les \u00e9l\u00e9ments accessibles sur le site, notamment les textes, images, graphismes, logo, ic\u00f4nes, sons, logiciels. <\/p>\n\n<p>Toute reproduction, repr\u00e9sentation, modification, publication, adaptation de tout ou partie des \u00e9l\u00e9ments du site, quel que soit le moyen ou le proc\u00e9d\u00e9 utilis\u00e9, est interdite, sauf autorisation \u00e9crite pr\u00e9alable de : Pragmatikexpert Lda.<\/p>\n\n<p>Toute exploitation non autoris\u00e9e du site ou de l&rsquo;un quelconque des \u00e9l\u00e9ments qu&rsquo;il contient sera consid\u00e9r\u00e9e comme constitutive d&rsquo;une contrefa\u00e7on et poursuivie conform\u00e9ment aux dispositions des articles L.335-2 et suivants du Code de la propri\u00e9t\u00e9 intellectuelle. <\/p>\n\n<h2 class=\"wp-block-heading\">6. Limites de responsabilit\u00e9<\/h2>\n\n<p>Pragmatikexpert Lda. ne pourra \u00eatre tenue responsable des dommages directs et indirects caus\u00e9s au mat\u00e9riel de l&rsquo;utilisateur, lors de l&rsquo;acc\u00e8s au site www.unik-seo.com, et r\u00e9sultant soit de l&rsquo;utilisation d&rsquo;un mat\u00e9riel ne r\u00e9pondant pas aux sp\u00e9cifications indiqu\u00e9es au point 4, soit de l&rsquo;apparition d&rsquo;un bug ou d&rsquo;une incompatibilit\u00e9. <\/p>\n\n<p>Pragmatikexpert Lda. ne pourra \u00e9galement \u00eatre tenue responsable des dommages indirects (tels par exemple qu&rsquo;une perte de march\u00e9 ou perte d&rsquo;une chance) cons\u00e9cutifs \u00e0 l&rsquo;utilisation du <a href=\"https:\/\/www.unik-seo.com\/\" title=\"\">site www.unik-seo.com<\/a>. <\/p>\n\n<p>Des espaces interactifs (possibilit\u00e9 de poser des questions dans l&rsquo;espace contact) sont \u00e0 la disposition des utilisateurs. Pragmatikexpert Lda. se r\u00e9serve le droit de supprimer, sans mise en demeure pr\u00e9alable, tout contenu d\u00e9pos\u00e9 dans cet espace qui contreviendrait \u00e0 la l\u00e9gislation applicable en France, en particulier aux dispositions relatives \u00e0 la protection des donn\u00e9es. Le cas \u00e9ch\u00e9ant, Pragmatikexpert Lda. se r\u00e9serve \u00e9galement la possibilit\u00e9 de mettre en cause la responsabilit\u00e9 civile et\/ou p\u00e9nale de l&rsquo;utilisateur, notamment en cas de message \u00e0 caract\u00e8re raciste, injurieux, diffamant, ou pornographique, quel que soit le support utilis\u00e9 (texte, photographie&#8230;).    <\/p>\n\n<h2 class=\"wp-block-heading\">7. Gestion des donn\u00e9es \u00e0 caract\u00e8re personnel<\/h2>\n\n<p>En France, les donn\u00e9es personnelles sont notamment prot\u00e9g\u00e9es par la loi n\u00b0 78-87 du 6 janvier 1978, la loi n\u00b0 2004-801 du 6 ao\u00fbt 2004, l&rsquo;article L. 226-13 du code p\u00e9nal et la directive europ\u00e9enne du 24 octobre 1995.<\/p>\n\n<p>A l&rsquo;occasion de l&rsquo;utilisation du site <a href=\"https:\/\/www.unik-seo.com\/\" title=\"\">www.unik-seo.com, peuvent \u00eatres recueillies : l&rsquo;URL des liens par l&rsquo;interm\u00e9diaire desquels l&rsquo;utilisateur a acc\u00e9d\u00e9 au site www.unik-seo.com<\/a>, le fournisseur d&rsquo;acc\u00e8s de l&rsquo;utilisateur, l&rsquo;adresse de protocole Internet (IP) de l&rsquo;utilisateur.<\/p>\n\n<p>En tout \u00e9tat de cause Pragmatikexpert Lda. ne collecte des informations personnelles relatives \u00e0 l&rsquo;utilisateur que pour le besoin de certains services propos\u00e9s par le <a href=\"https:\/\/www.unik-seo.com\/\" title=\"\">site www.unik-seo.com<\/a>. L&rsquo;utilisateur fournit ces informations en toute connaissance de cause, notamment lorsqu&rsquo;il proc\u00e8de par lui-m\u00eame \u00e0 leur saisie. Il est alors pr\u00e9cis\u00e9 \u00e0 l&rsquo;utilisateur du site <a href=\"https:\/\/www.unik-seo.com\/\" title=\"\">www.unik-seo.com<\/a> l&rsquo;obligation ou non de fournir ces informations.   <\/p>\n\n<p>Conform\u00e9ment aux dispositions des articles 38 et suivants de la loi 78-17 du 6 janvier 1978 relative \u00e0 l&rsquo;informatique, aux fichiers et aux libert\u00e9s, tout utilisateur dispose d&rsquo;un droit d&rsquo;acc\u00e8s, de rectification et d&rsquo;opposition aux donn\u00e9es personnelles le concernant, en effectuant sa demande \u00e9crite et sign\u00e9e, accompagn\u00e9e d&rsquo;une copie du titre d&rsquo;identit\u00e9 avec signature du titulaire de la pi\u00e8ce, en pr\u00e9cisant l&rsquo;adresse \u00e0 laquelle la r\u00e9ponse doit \u00eatre envoy\u00e9e.<\/p>\n\n<p>Aucune information personnelle de l&rsquo;utilisateur du site <a href=\"https:\/\/www.unik-seo.com\/\" title=\"\">www.u<\/a> nik-seo.com n&rsquo;est publi\u00e9e \u00e0 l&rsquo;insu de l&rsquo;utilisateur, \u00e9chang\u00e9e, transf\u00e9r\u00e9e, c\u00e9d\u00e9e ou vendue sur un support quelconque \u00e0 des tiers. Seule l&rsquo;hypoth\u00e8se du rachat de Pragmatikexpert Lda. et de ses droits permettrait la transmission des dites informations \u00e0 l&rsquo;\u00e9ventuel acqu\u00e9reur qui serait \u00e0 son tour tenu de la m\u00eame obligation de conservation et de modification des donn\u00e9es vis \u00e0 vis de l&rsquo;utilisateur du site <a href=\"https:\/\/www.unik-seo.com\/\" title=\"\">www.unik-seo.com.<\/a>  <\/p>\n\n<p>Les bases de donn\u00e9es sont prot\u00e9g\u00e9es par les dispositions de la loi du 1er juillet 1998 transposant la directive 96\/9 du 11 mars 1996 relative \u00e0 la protection juridique des bases de donn\u00e9es.<\/p>\n\n<h2 class=\"wp-block-heading\">8. Liens hypertextes et cookies<\/h2>\n\n<p>Le site <a href=\"https:\/\/www.unik-seo.com\/\" title=\"\">www.unik-seo.com<\/a> contient un certain nombre de liens hypertextes vers d&rsquo;autres sites, mis en place avec l&rsquo;autorisation de Pragmatikexpert Lda. Cependant, Pragmatikexpert Lda. n&rsquo;a pas la possibilit\u00e9 de v\u00e9rifier le contenu des sites ainsi visit\u00e9s, et n&rsquo;assumera en cons\u00e9quence aucune responsabilit\u00e9 de ce fait.<\/p>\n\n<p>La navigation sur le site <a href=\"https:\/\/www.unik-seo.com\/\" title=\"\">www.unik-seo.com<\/a> est susceptible de provoquer l&rsquo;installation de cookie(s) sur l&rsquo;ordinateur de l&rsquo;utilisateur. Un cookie est un fichier de petite taille, qui ne permet pas d&rsquo;identifier l&rsquo;utilisateur, mais qui enregistre des informations relatives \u00e0 la navigation d&rsquo;un ordinateur sur un site. Les donn\u00e9es ainsi obtenues visent \u00e0 faciliter la navigation ult\u00e9rieure sur le site et ont \u00e9galement vocation \u00e0 permettre diverses mesures de fr\u00e9quentation.  <\/p>\n\n<p>Le refus d&rsquo;installation d&rsquo;un cookie peut entra\u00eener l&rsquo;impossibilit\u00e9 d&rsquo;acc\u00e9der \u00e0 certains services. Toutefois, l&rsquo;utilisateur peut configurer son ordinateur de la mani\u00e8re suivante, afin de refuser l&rsquo;installation de cookies : <\/p>\n\n<p>Dans Internet Explorer : l&rsquo;utilisateur peut configurer son ordinateur comme suit<\/p>\n\n<p>Dans Internet Explorer : onglet outils (pictogramme en forme de roue dent\u00e9e en haut \u00e0 droite) \/ options internet. Cliquez sur Vie priv\u00e9e et choisissez Bloquer tous les cookies. Validez sur Ok.  <\/p>\n\n<p>Sous Firefox : en haut de la fen\u00eatre du navigateur, cliquez sur le bouton Firefox, puis allez dans l&rsquo;onglet Options. Cliquez sur l&rsquo;onglet Confidentialit\u00e9.<br\/>R\u00e9glez les r\u00e8gles de conservation sur : utiliser les param\u00e8tres personnalis\u00e9s pour l&rsquo;historique. Enfin, d\u00e9cochez la case pour d\u00e9sactiver les cookies.  <\/p>\n\n<p>Dans Safari : Cliquez sur l&rsquo;ic\u00f4ne de menu (symbolis\u00e9e par un rouage) en haut \u00e0 droite du navigateur. S\u00e9lectionnez Param\u00e8tres. Cliquez sur Afficher les param\u00e8tres avanc\u00e9s. Dans la section \u00ab\u00a0Vie priv\u00e9e\u00a0\u00bb, cliquez sur Param\u00e8tres de contenu. Dans la section \u00ab\u00a0Cookies\u00a0\u00bb, vous pouvez bloquer les cookies.    <\/p>\n\n<p>Dans Chrome : Cliquez sur l&rsquo;ic\u00f4ne de menu (symbolis\u00e9e par trois lignes horizontales) en haut \u00e0 droite du navigateur. S\u00e9lectionnez Param\u00e8tres. Cliquez sur Afficher les param\u00e8tres avanc\u00e9s. Dans la section \u00ab\u00a0Vie priv\u00e9e\u00a0\u00bb, cliquez sur Pr\u00e9f\u00e9rences. Dans l&rsquo;onglet \u00ab\u00a0Vie priv\u00e9e\u00a0\u00bb, vous pouvez bloquer les cookies.    <\/p>\n\n<h2 class=\"wp-block-heading\">9. Droit applicable et juridiction<\/h2>\n\n<p>Tout litige en relation avec l&rsquo;utilisation du site <a href=\"https:\/\/www.unik-seo.com\/\" title=\"\">www.unik-seo.com<\/a> est soumis au droit portugais. Il est fait attribution exclusive de juridiction aux tribunaux comp\u00e9tents d&rsquo;Oeiras. <\/p>\n\n<p>Tous les litiges relatifs \u00e0 l&rsquo;utilisation du site sont soumis \u00e0 la loi portugaise.<\/p>\n\n<h2 class=\"wp-block-heading\">10. Les principales lois concern\u00e9es<\/h2>\n\n<p>Loi n\u00b0 78-17 du 6 janvier 1978, notamment modifi\u00e9e par la loi n\u00b0 2004-801 du 6 ao\u00fbt 2004 relative \u00e0 l&rsquo;informatique, aux fichiers et aux libert\u00e9s.<\/p>\n\n<p>Loi n\u00b0 2004-575 du 21 juin 2004 pour la confiance dans l&rsquo;\u00e9conomie num\u00e9rique.<\/p>\n\n<h2 class=\"wp-block-heading\">11. Lexique<\/h2>\n\n<p>Utilisateur : Internaute se connectant, utilisant le site susmentionn\u00e9.<\/p>\n\n<p>Informations personnelles : \u00a0\u00bb les informations qui permettent, sous quelque forme que ce soit, directement ou non, l&rsquo;identification des personnes physiques auxquelles elles s&rsquo;appliquent \u00a0\u00bb (article 4 de la loi n\u00b0 78-17 du 6 janvier 1978).<\/p>\n\n<p><\/p>\n","protected":false},"excerpt":{"rendered":"<p>Si vous n&rsquo;acceptez pas nos conditions g\u00e9n\u00e9rales, vous ne devez pas remplir le formulaire de contact sur notre site, ni vous abonner \u00e0 notre lettre d&rsquo;information ou \u00e0 nos services.<\/p>\n","protected":false},"author":3,"featured_media":0,"parent":0,"menu_order":0,"comment_status":"closed","ping_status":"closed","template":"","meta":{"_acf_changed":false,"footnotes":""},"categories":[],"tags":[],"service":[],"class_list":["post-27025","page","type-page","status-publish","hentry"],"acf":[],"aioseo_notices":[],"_links":{"self":[{"href":"https:\/\/www.unik-seo.com\/fr\/wp-json\/wp\/v2\/pages\/27025","targetHints":{"allow":["GET"]}}],"collection":[{"href":"https:\/\/www.unik-seo.com\/fr\/wp-json\/wp\/v2\/pages"}],"about":[{"href":"https:\/\/www.unik-seo.com\/fr\/wp-json\/wp\/v2\/types\/page"}],"author":[{"embeddable":true,"href":"https:\/\/www.unik-seo.com\/fr\/wp-json\/wp\/v2\/users\/3"}],"replies":[{"embeddable":true,"href":"https:\/\/www.unik-seo.com\/fr\/wp-json\/wp\/v2\/comments?post=27025"}],"version-history":[{"count":2,"href":"https:\/\/www.unik-seo.com\/fr\/wp-json\/wp\/v2\/pages\/27025\/revisions"}],"predecessor-version":[{"id":27027,"href":"https:\/\/www.unik-seo.com\/fr\/wp-json\/wp\/v2\/pages\/27025\/revisions\/27027"}],"wp:attachment":[{"href":"https:\/\/www.unik-seo.com\/fr\/wp-json\/wp\/v2\/media?parent=27025"}],"wp:term":[{"taxonomy":"category","embeddable":true,"href":"https:\/\/www.unik-seo.com\/fr\/wp-json\/wp\/v2\/categories?post=27025"},{"taxonomy":"post_tag","embeddable":true,"href":"https:\/\/www.unik-seo.com\/fr\/wp-json\/wp\/v2\/tags?post=27025"},{"taxonomy":"service","embeddable":true,"href":"https:\/\/www.unik-seo.com\/fr\/wp-json\/wp\/v2\/service?post=27025"}],"curies":[{"name":"wp","href":"https:\/\/api.w.org\/{rel}","templated":true}]}}