{"id":27019,"date":"2025-04-08T17:01:07","date_gmt":"2025-04-08T17:01:07","guid":{"rendered":"https:\/\/dev.unik-seo.com\/politique-de-confidentialite\/"},"modified":"2025-09-11T08:58:01","modified_gmt":"2025-09-11T08:58:01","slug":"politique-de-confidentialite","status":"publish","type":"page","link":"https:\/\/www.unik-seo.com\/fr\/politique-de-confidentialite","title":{"rendered":"Politique de confidentialit\u00e9"},"content":{"rendered":"\n<h2 class=\"wp-block-heading\">QUI SOMMES-NOUS ?<\/h2>\n\n<p>Conform\u00e9ment au r\u00e8glement (UE) 2016\/679 DU PARLEMENT EUROP\u00c9EN ET DU CONSEIL du 27 avril 2016 relatif \u00e0 la protection des personnes physiques \u00e0 l&rsquo;\u00e9gard du traitement des donn\u00e9es \u00e0 caract\u00e8re personnel et \u00e0 la libre circulation de ces donn\u00e9es, nous vous informons que UNIK SEO est une marque d\u00e9pos\u00e9e de Pragmatikexpert LDA, une soci\u00e9t\u00e9 \u00e0 responsabilit\u00e9 limit\u00e9e, dont le si\u00e8ge social est situ\u00e9 \u00e0 Av. Do Forte Fraction O1, n\u00b0 8, 2790-072 Carnaxide, Portugal, inscrite au bureau du registre du commerce, sous le num\u00e9ro d&rsquo;immatriculation unique et la personne morale 514064820 d\u00e9nomm\u00e9e \u00ab\u00a0UNIK SEO\u00a0\u00bb, qui agit dans le domaine du Marketing Digital. <\/p>\n\n<h2 class=\"wp-block-heading\">QUI EST RESPONSABLE DU TRAITEMENT DES DONN\u00c9ES ?<\/h2>\n\n<p>L&rsquo;entit\u00e9 responsable du traitement des donn\u00e9es \u00e0 caract\u00e8re personnel est UniK SEO. Elle d\u00e9cide des donn\u00e9es collect\u00e9es, des moyens de traitement des donn\u00e9es et des finalit\u00e9s pour lesquelles elles sont utilis\u00e9es. <\/p>\n\n<h2 class=\"wp-block-heading\">POURQUOI UNE POLITIQUE DE PROTECTION DE LA VIE PRIV\u00c9E ?<\/h2>\n\n<p>Parce qu&rsquo;UniK SEO s&rsquo;engage \u00e0 prot\u00e9ger la vie priv\u00e9e de ses Utilisateurs, et dans ce contexte, elle a \u00e9labor\u00e9 la pr\u00e9sente Politique de confidentialit\u00e9 afin de d\u00e9montrer son engagement et son respect des r\u00e8gles de confidentialit\u00e9 et de protection des donn\u00e9es personnelles. Si vous n&rsquo;\u00eates pas d&rsquo;accord avec notre Politique de confidentialit\u00e9, vous ne devez pas remplir le formulaire de contact sur notre site, ni vous abonner \u00e0 notre Newsletter. <\/p>\n\n<h2 class=\"wp-block-heading\">QU&rsquo;EST-CE QUI EST COUVERT PAR CETTE POLITIQUE DE PROTECTION DE LA VIE PRIVEE ?<\/h2>\n\n<p>La pr\u00e9sente Politique de confidentialit\u00e9 s&rsquo;applique exclusivement \u00e0 la collecte et au traitement de donn\u00e9es \u00e0 caract\u00e8re personnel effectu\u00e9s par UniK SEO dans le cadre de son activit\u00e9.<\/p>\n\n<h2 class=\"wp-block-heading\">QUEL TYPE DE DONN\u00c9ES PERSONNELLES EST COLLECT\u00c9 ET COMMENT LE FAISONS-NOUS ?<\/h2>\n\n<p>UniK SEO collecte des donn\u00e9es personnelles qui sont toujours fournies par l&rsquo;Utilisateur lorsqu&rsquo;il remplit les formulaires correspondants. Les donn\u00e9es collect\u00e9es sont appropri\u00e9es, pertinentes et non excessives au regard de la port\u00e9e, des finalit\u00e9s et des services sp\u00e9cifiques, explicites et l\u00e9gitimes d&rsquo;UniK SEO. Dans ce cas, les donn\u00e9es collect\u00e9es sont celles qui apparaissent sur ce site : Nom, courriel, num\u00e9ro de t\u00e9l\u00e9phone, site web.  <\/p>\n\n<h2 class=\"wp-block-heading\">\u00c0 QUOI SERVENT LES DONN\u00c9ES ?<\/h2>\n\n<p>Les donn\u00e9es fournies par l&rsquo;Utilisateur seront utilis\u00e9es par UniK SEO pour envoyer plus d&rsquo;informations, par email, sur leur formation ou sur les Initiatives et Produits \/ Services d&rsquo;UniK SEO.<\/p>\n\n<h2 class=\"wp-block-heading\">COMBIEN DE TEMPS CONSERVERONS-NOUS CES DONN\u00c9ES ?<\/h2>\n\n<p>Les donn\u00e9es seront conserv\u00e9es jusqu&rsquo;\u00e0 ce que l&rsquo;utilisateur souhaite les supprimer.<\/p>\n\n<h2 class=\"wp-block-heading\">COMMENT EXERCER LE DROIT D&rsquo;ACC\u00c8S, DE RECTIFICATION ET D&rsquo;ANNULATION DES DONN\u00c9ES ?<\/h2>\n\n<p>L&rsquo;Utilisateur peut exercer ses droits d&rsquo;acc\u00e8s, de rectification et d&rsquo;annulation de ses donn\u00e9es personnelles. L&rsquo;exercice de ce droit peut se faire par courrier \u00e9lectronique \u00e0 l&rsquo;adresse<a href=\"mailto:info@unik-seo.com\" title=\"\"> info@unik-seo.com.<\/a> <\/p>\n\n<h2 class=\"wp-block-heading\">COMMENT VOUS OPPOSER \u00c0 LA R\u00c9CEPTION DE CONTACTS \u00c0 DES FINS DE MARKETING ?<\/h2>\n\n<p>Si vous ne souhaitez pas recevoir ces communications, vous pouvez \u00e0 tout moment vous opposer \u00e0 l&rsquo;utilisation de vos donn\u00e9es \u00e0 des fins de marketing en envoyant un courriel \u00e0 <a href=\"mailto:info@unik-seo.com\">info@unik-seo.com<\/a>.<\/p>\n\n<h2 class=\"wp-block-heading\">COMMENT LA S\u00c9CURIT\u00c9 DE VOS DONN\u00c9ES PERSONNELLES EST-ELLE ASSUR\u00c9E ?<\/h2>\n\n<p>Les donn\u00e9es personnelles fournies par les Utilisateurs seront incorpor\u00e9es dans un fichier automatis\u00e9 conform\u00e9ment aux termes et conditions \u00e9tablis dans la Loi 2016\/679, du 27 avril, mentionn\u00e9e ci-dessus. UniK SEO respecte les meilleures pratiques en mati\u00e8re de s\u00e9curit\u00e9 et de protection des donn\u00e9es personnelles, et \u00e0 cette fin un syst\u00e8me qui garantit la s\u00e9curit\u00e9, la confidentialit\u00e9 de vos donn\u00e9es personnelles ainsi que la confidentialit\u00e9 des communications \u00e9lectroniques. La politique de s\u00e9curit\u00e9 d&rsquo;UniK SEO pour la collecte et le stockage des donn\u00e9es pr\u00e9voit, en plus d&rsquo;autres aspects, un investissement \u00e9lev\u00e9 dans les infrastructures technologiques qui emp\u00eachent l&rsquo;acc\u00e8s aux donn\u00e9es personnelles par des personnes non autoris\u00e9es. Toutes les mesures de s\u00e9curit\u00e9 sont prises qui, de l&rsquo;avis d&rsquo;UniK SEO, sont indispensables \u00e0 la protection de vos donn\u00e9es personnelles. Cependant, UniK SEO alerte les utilisateurs sur la n\u00e9cessit\u00e9 de prendre des mesures de s\u00e9curit\u00e9 suppl\u00e9mentaires, notamment en veillant \u00e0 utiliser un navigateur mis \u00e0 jour en termes de correctifs de s\u00e9curit\u00e9 correctement configur\u00e9s avec un pare-feu actif, un antivirus et un antispyware, et \u00e0 s&rsquo;assurer de l&rsquo;authenticit\u00e9 des sites qu&rsquo;ils visitent sur Internet, et \u00e0 \u00e9viter les sites dont la r\u00e9putation ne leur inspire pas confiance.    <\/p>\n\n<h2 class=\"wp-block-heading\">PROTECTION CONTRE LE SPAMMING<\/h2>\n\n<p>Le spamming est l&rsquo;envoi indiff\u00e9renci\u00e9 de courriers \u00e9lectroniques \u00e0 des inconnus. UniK SEO garantit que vous n&rsquo;utiliserez pas les donn\u00e9es collect\u00e9es sur ce site \u00e0 d&rsquo;autres fins que les v\u00f4tres. <\/p>\n","protected":false},"excerpt":{"rendered":"<p>Si vous n&rsquo;\u00eates pas d&rsquo;accord avec notre politique de confidentialit\u00e9, vous ne devez pas remplir le formulaire de contact sur notre site, ni vous abonner \u00e0 notre lettre d&rsquo;information.<\/p>\n","protected":false},"author":3,"featured_media":0,"parent":0,"menu_order":0,"comment_status":"closed","ping_status":"closed","template":"","meta":{"_acf_changed":false,"footnotes":""},"categories":[],"tags":[],"service":[],"class_list":["post-27019","page","type-page","status-publish","hentry"],"acf":[],"aioseo_notices":[],"_links":{"self":[{"href":"https:\/\/www.unik-seo.com\/fr\/wp-json\/wp\/v2\/pages\/27019","targetHints":{"allow":["GET"]}}],"collection":[{"href":"https:\/\/www.unik-seo.com\/fr\/wp-json\/wp\/v2\/pages"}],"about":[{"href":"https:\/\/www.unik-seo.com\/fr\/wp-json\/wp\/v2\/types\/page"}],"author":[{"embeddable":true,"href":"https:\/\/www.unik-seo.com\/fr\/wp-json\/wp\/v2\/users\/3"}],"replies":[{"embeddable":true,"href":"https:\/\/www.unik-seo.com\/fr\/wp-json\/wp\/v2\/comments?post=27019"}],"version-history":[{"count":2,"href":"https:\/\/www.unik-seo.com\/fr\/wp-json\/wp\/v2\/pages\/27019\/revisions"}],"predecessor-version":[{"id":27021,"href":"https:\/\/www.unik-seo.com\/fr\/wp-json\/wp\/v2\/pages\/27019\/revisions\/27021"}],"wp:attachment":[{"href":"https:\/\/www.unik-seo.com\/fr\/wp-json\/wp\/v2\/media?parent=27019"}],"wp:term":[{"taxonomy":"category","embeddable":true,"href":"https:\/\/www.unik-seo.com\/fr\/wp-json\/wp\/v2\/categories?post=27019"},{"taxonomy":"post_tag","embeddable":true,"href":"https:\/\/www.unik-seo.com\/fr\/wp-json\/wp\/v2\/tags?post=27019"},{"taxonomy":"service","embeddable":true,"href":"https:\/\/www.unik-seo.com\/fr\/wp-json\/wp\/v2\/service?post=27019"}],"curies":[{"name":"wp","href":"https:\/\/api.w.org\/{rel}","templated":true}]}}