{"id":26997,"date":"2025-04-07T21:38:27","date_gmt":"2025-04-07T21:38:27","guid":{"rendered":"https:\/\/dev.unik-seo.com\/agence-publicitaire-pinterest\/"},"modified":"2025-10-01T09:25:18","modified_gmt":"2025-10-01T09:25:18","slug":"publicites-pinterest","status":"publish","type":"page","link":"https:\/\/www.unik-seo.com\/fr\/publicites-pinterest","title":{"rendered":"Publicit\u00e9s sur Pinterest"},"content":{"rendered":"","protected":false},"excerpt":{"rendered":"<p>Vous cherchez une agence de publicit\u00e9 Pinterest qui comprend le social shopping ? Chez UniK SEO, nous transformons les Pins en profits avec des publicit\u00e9s Pinterest g\u00e9r\u00e9es par des experts. Des annonces de produits et d&rsquo;achats \u00e0 la g\u00e9n\u00e9ration de leads et aux formats de recherche, nous aidons les marques \u00e0 atteindre les acheteurs l\u00e0 o\u00f9 ils planifient, \u00e9pinglent et ach\u00e8tent.  <\/p>\n","protected":false},"author":3,"featured_media":504,"parent":0,"menu_order":0,"comment_status":"closed","ping_status":"closed","template":"","meta":{"_acf_changed":false,"footnotes":""},"categories":[144],"tags":[264,124],"service":[],"class_list":["post-26997","page","type-page","status-publish","has-post-thumbnail","hentry","category-cpp","tag-ads","tag-b2b"],"acf":[],"aioseo_notices":[],"_links":{"self":[{"href":"https:\/\/www.unik-seo.com\/fr\/wp-json\/wp\/v2\/pages\/26997","targetHints":{"allow":["GET"]}}],"collection":[{"href":"https:\/\/www.unik-seo.com\/fr\/wp-json\/wp\/v2\/pages"}],"about":[{"href":"https:\/\/www.unik-seo.com\/fr\/wp-json\/wp\/v2\/types\/page"}],"author":[{"embeddable":true,"href":"https:\/\/www.unik-seo.com\/fr\/wp-json\/wp\/v2\/users\/3"}],"replies":[{"embeddable":true,"href":"https:\/\/www.unik-seo.com\/fr\/wp-json\/wp\/v2\/comments?post=26997"}],"version-history":[{"count":3,"href":"https:\/\/www.unik-seo.com\/fr\/wp-json\/wp\/v2\/pages\/26997\/revisions"}],"predecessor-version":[{"id":30654,"href":"https:\/\/www.unik-seo.com\/fr\/wp-json\/wp\/v2\/pages\/26997\/revisions\/30654"}],"wp:featuredmedia":[{"embeddable":true,"href":"https:\/\/www.unik-seo.com\/fr\/wp-json\/wp\/v2\/media\/504"}],"wp:attachment":[{"href":"https:\/\/www.unik-seo.com\/fr\/wp-json\/wp\/v2\/media?parent=26997"}],"wp:term":[{"taxonomy":"category","embeddable":true,"href":"https:\/\/www.unik-seo.com\/fr\/wp-json\/wp\/v2\/categories?post=26997"},{"taxonomy":"post_tag","embeddable":true,"href":"https:\/\/www.unik-seo.com\/fr\/wp-json\/wp\/v2\/tags?post=26997"},{"taxonomy":"service","embeddable":true,"href":"https:\/\/www.unik-seo.com\/fr\/wp-json\/wp\/v2\/service?post=26997"}],"curies":[{"name":"wp","href":"https:\/\/api.w.org\/{rel}","templated":true}]}}