{"id":26993,"date":"2025-04-07T21:37:16","date_gmt":"2025-04-07T21:37:16","guid":{"rendered":"https:\/\/dev.unik-seo.com\/les-publicites-pour-les-casinos-avec-le-programmatique\/"},"modified":"2025-10-08T15:33:26","modified_gmt":"2025-10-08T15:33:26","slug":"publicites-casino","status":"publish","type":"page","link":"https:\/\/www.unik-seo.com\/fr\/publicites-casino","title":{"rendered":"Publicit\u00e9s Programmatiques pour Casino"},"content":{"rendered":"","protected":false},"excerpt":{"rendered":"<p>Gr\u00e2ce au programmatique, nous pouvons d\u00e9sormais diffuser des publicit\u00e9s sur les casinos pour votre entreprise. Les campagnes publicitaires peuvent vous aider \u00e0 obtenir plus de trafic sur votre site web et plus de visibilit\u00e9 en ligne. Avec une strat\u00e9gie de r\u00e9f\u00e9rencement, c&rsquo;est l&rsquo;outil parfait pour se d\u00e9velopper dans l&rsquo;industrie des casinos.  <\/p>\n","protected":false},"author":3,"featured_media":477,"parent":0,"menu_order":0,"comment_status":"closed","ping_status":"closed","template":"","meta":{"_acf_changed":false,"footnotes":""},"categories":[144],"tags":[264,122],"service":[],"class_list":["post-26993","page","type-page","status-publish","has-post-thumbnail","hentry","category-cpp","tag-ads","tag-crypto"],"acf":[],"aioseo_notices":[],"_links":{"self":[{"href":"https:\/\/www.unik-seo.com\/fr\/wp-json\/wp\/v2\/pages\/26993","targetHints":{"allow":["GET"]}}],"collection":[{"href":"https:\/\/www.unik-seo.com\/fr\/wp-json\/wp\/v2\/pages"}],"about":[{"href":"https:\/\/www.unik-seo.com\/fr\/wp-json\/wp\/v2\/types\/page"}],"author":[{"embeddable":true,"href":"https:\/\/www.unik-seo.com\/fr\/wp-json\/wp\/v2\/users\/3"}],"replies":[{"embeddable":true,"href":"https:\/\/www.unik-seo.com\/fr\/wp-json\/wp\/v2\/comments?post=26993"}],"version-history":[{"count":2,"href":"https:\/\/www.unik-seo.com\/fr\/wp-json\/wp\/v2\/pages\/26993\/revisions"}],"predecessor-version":[{"id":30656,"href":"https:\/\/www.unik-seo.com\/fr\/wp-json\/wp\/v2\/pages\/26993\/revisions\/30656"}],"wp:featuredmedia":[{"embeddable":true,"href":"https:\/\/www.unik-seo.com\/fr\/wp-json\/wp\/v2\/media\/477"}],"wp:attachment":[{"href":"https:\/\/www.unik-seo.com\/fr\/wp-json\/wp\/v2\/media?parent=26993"}],"wp:term":[{"taxonomy":"category","embeddable":true,"href":"https:\/\/www.unik-seo.com\/fr\/wp-json\/wp\/v2\/categories?post=26993"},{"taxonomy":"post_tag","embeddable":true,"href":"https:\/\/www.unik-seo.com\/fr\/wp-json\/wp\/v2\/tags?post=26993"},{"taxonomy":"service","embeddable":true,"href":"https:\/\/www.unik-seo.com\/fr\/wp-json\/wp\/v2\/service?post=26993"}],"curies":[{"name":"wp","href":"https:\/\/api.w.org\/{rel}","templated":true}]}}