{"id":29401,"date":"2025-04-04T13:01:27","date_gmt":"2025-04-04T13:01:27","guid":{"rendered":"https:\/\/dev.unik-seo.com\/seo\/servicios-dentales-seo\/"},"modified":"2025-10-01T09:56:21","modified_gmt":"2025-10-01T09:56:21","slug":"seo-dental","status":"publish","type":"page","link":"https:\/\/www.unik-seo.com\/es\/seo-dental","title":{"rendered":"SEO Dental"},"content":{"rendered":"","protected":false},"excerpt":{"rendered":"<p>UniK SEO ofrece servicios de SEO dental de precisi\u00f3n adaptados a los objetivos de tu cl\u00ednica. Desde el posicionamiento web dental hasta auditor\u00edas completas y optimizaci\u00f3n local, tratamos tu presencia online como tu activo cl\u00ednico m\u00e1s valioso. Reserva hoy mismo una consulta gratuita con nuestros especialistas en SEO dental y descubre la estrategia que hay detr\u00e1s del crecimiento constante de pacientes.  <\/p>\n","protected":false},"author":3,"featured_media":29406,"parent":0,"menu_order":0,"comment_status":"closed","ping_status":"closed","template":"","meta":{"_acf_changed":false,"footnotes":""},"categories":[180,189],"tags":[124],"service":[],"class_list":["post-29401","page","type-page","status-publish","has-post-thumbnail","hentry","category-servicios-seo","category-seo-por-sector-es","tag-b2b"],"acf":[],"aioseo_notices":[],"_links":{"self":[{"href":"https:\/\/www.unik-seo.com\/es\/wp-json\/wp\/v2\/pages\/29401","targetHints":{"allow":["GET"]}}],"collection":[{"href":"https:\/\/www.unik-seo.com\/es\/wp-json\/wp\/v2\/pages"}],"about":[{"href":"https:\/\/www.unik-seo.com\/es\/wp-json\/wp\/v2\/types\/page"}],"author":[{"embeddable":true,"href":"https:\/\/www.unik-seo.com\/es\/wp-json\/wp\/v2\/users\/3"}],"replies":[{"embeddable":true,"href":"https:\/\/www.unik-seo.com\/es\/wp-json\/wp\/v2\/comments?post=29401"}],"version-history":[{"count":3,"href":"https:\/\/www.unik-seo.com\/es\/wp-json\/wp\/v2\/pages\/29401\/revisions"}],"predecessor-version":[{"id":30697,"href":"https:\/\/www.unik-seo.com\/es\/wp-json\/wp\/v2\/pages\/29401\/revisions\/30697"}],"wp:featuredmedia":[{"embeddable":true,"href":"https:\/\/www.unik-seo.com\/es\/wp-json\/wp\/v2\/media\/29406"}],"wp:attachment":[{"href":"https:\/\/www.unik-seo.com\/es\/wp-json\/wp\/v2\/media?parent=29401"}],"wp:term":[{"taxonomy":"category","embeddable":true,"href":"https:\/\/www.unik-seo.com\/es\/wp-json\/wp\/v2\/categories?post=29401"},{"taxonomy":"post_tag","embeddable":true,"href":"https:\/\/www.unik-seo.com\/es\/wp-json\/wp\/v2\/tags?post=29401"},{"taxonomy":"service","embeddable":true,"href":"https:\/\/www.unik-seo.com\/es\/wp-json\/wp\/v2\/service?post=29401"}],"curies":[{"name":"wp","href":"https:\/\/api.w.org\/{rel}","templated":true}]}}