{"id":29387,"date":"2025-04-04T13:19:48","date_gmt":"2025-04-04T13:19:48","guid":{"rendered":"https:\/\/dev.unik-seo.com\/seo\/servicios-seo-para-comercio-electronico\/"},"modified":"2025-10-01T09:47:40","modified_gmt":"2025-10-01T09:47:40","slug":"seo-ecommerce","status":"publish","type":"page","link":"https:\/\/www.unik-seo.com\/es\/seo-ecommerce","title":{"rendered":"SEO para E-Commerce"},"content":{"rendered":"","protected":false},"excerpt":{"rendered":"<p>Aumenta la visibilidad y las ventas de tu tienda con servicios SEO expertos en comercio electr\u00f3nico. UniK SEO te ayuda a posicionarte mejor, atraer compradores y escalar org\u00e1nicamente a trav\u00e9s de estrategias SEO a medida. <\/p>\n","protected":false},"author":3,"featured_media":29399,"parent":0,"menu_order":0,"comment_status":"closed","ping_status":"closed","template":"","meta":{"_acf_changed":false,"footnotes":""},"categories":[180,189],"tags":[195],"service":[],"class_list":["post-29387","page","type-page","status-publish","has-post-thumbnail","hentry","category-servicios-seo","category-seo-por-sector-es","tag-e-commerce"],"acf":[],"aioseo_notices":[],"_links":{"self":[{"href":"https:\/\/www.unik-seo.com\/es\/wp-json\/wp\/v2\/pages\/29387","targetHints":{"allow":["GET"]}}],"collection":[{"href":"https:\/\/www.unik-seo.com\/es\/wp-json\/wp\/v2\/pages"}],"about":[{"href":"https:\/\/www.unik-seo.com\/es\/wp-json\/wp\/v2\/types\/page"}],"author":[{"embeddable":true,"href":"https:\/\/www.unik-seo.com\/es\/wp-json\/wp\/v2\/users\/3"}],"replies":[{"embeddable":true,"href":"https:\/\/www.unik-seo.com\/es\/wp-json\/wp\/v2\/comments?post=29387"}],"version-history":[{"count":3,"href":"https:\/\/www.unik-seo.com\/es\/wp-json\/wp\/v2\/pages\/29387\/revisions"}],"predecessor-version":[{"id":30683,"href":"https:\/\/www.unik-seo.com\/es\/wp-json\/wp\/v2\/pages\/29387\/revisions\/30683"}],"wp:featuredmedia":[{"embeddable":true,"href":"https:\/\/www.unik-seo.com\/es\/wp-json\/wp\/v2\/media\/29399"}],"wp:attachment":[{"href":"https:\/\/www.unik-seo.com\/es\/wp-json\/wp\/v2\/media?parent=29387"}],"wp:term":[{"taxonomy":"category","embeddable":true,"href":"https:\/\/www.unik-seo.com\/es\/wp-json\/wp\/v2\/categories?post=29387"},{"taxonomy":"post_tag","embeddable":true,"href":"https:\/\/www.unik-seo.com\/es\/wp-json\/wp\/v2\/tags?post=29387"},{"taxonomy":"service","embeddable":true,"href":"https:\/\/www.unik-seo.com\/es\/wp-json\/wp\/v2\/service?post=29387"}],"curies":[{"name":"wp","href":"https:\/\/api.w.org\/{rel}","templated":true}]}}