{"id":29376,"date":"2025-04-02T00:54:51","date_gmt":"2025-04-02T00:54:51","guid":{"rendered":"https:\/\/dev.unik-seo.com\/seo\/seo-para-casinos\/"},"modified":"2026-03-27T19:17:29","modified_gmt":"2026-03-27T19:17:29","slug":"igaming-seo","status":"publish","type":"page","link":"https:\/\/www.unik-seo.com\/es\/igaming-seo","title":{"rendered":"SEO para casinos"},"content":{"rendered":"","protected":false},"excerpt":{"rendered":"<p>Este no es tu primer rodeo, y seguro que tampoco es el nuestro. En UniK SEO llevamos suficiente tiempo en el mundillo como para saber c\u00f3mo est\u00e1 montada la baraja. La casa siempre gana&#8230; a menos que tengas una mano m\u00e1s inteligente.  <\/p>\n","protected":false},"author":3,"featured_media":29383,"parent":0,"menu_order":0,"comment_status":"closed","ping_status":"closed","template":"","meta":{"_acf_changed":false,"footnotes":""},"categories":[180,189],"tags":[194],"service":[],"class_list":["post-29376","page","type-page","status-publish","has-post-thumbnail","hentry","category-servicios-seo","category-seo-por-sector-es","tag-crypto"],"acf":[],"aioseo_notices":[],"_links":{"self":[{"href":"https:\/\/www.unik-seo.com\/es\/wp-json\/wp\/v2\/pages\/29376","targetHints":{"allow":["GET"]}}],"collection":[{"href":"https:\/\/www.unik-seo.com\/es\/wp-json\/wp\/v2\/pages"}],"about":[{"href":"https:\/\/www.unik-seo.com\/es\/wp-json\/wp\/v2\/types\/page"}],"author":[{"embeddable":true,"href":"https:\/\/www.unik-seo.com\/es\/wp-json\/wp\/v2\/users\/3"}],"replies":[{"embeddable":true,"href":"https:\/\/www.unik-seo.com\/es\/wp-json\/wp\/v2\/comments?post=29376"}],"version-history":[{"count":3,"href":"https:\/\/www.unik-seo.com\/es\/wp-json\/wp\/v2\/pages\/29376\/revisions"}],"predecessor-version":[{"id":32450,"href":"https:\/\/www.unik-seo.com\/es\/wp-json\/wp\/v2\/pages\/29376\/revisions\/32450"}],"wp:featuredmedia":[{"embeddable":true,"href":"https:\/\/www.unik-seo.com\/es\/wp-json\/wp\/v2\/media\/29383"}],"wp:attachment":[{"href":"https:\/\/www.unik-seo.com\/es\/wp-json\/wp\/v2\/media?parent=29376"}],"wp:term":[{"taxonomy":"category","embeddable":true,"href":"https:\/\/www.unik-seo.com\/es\/wp-json\/wp\/v2\/categories?post=29376"},{"taxonomy":"post_tag","embeddable":true,"href":"https:\/\/www.unik-seo.com\/es\/wp-json\/wp\/v2\/tags?post=29376"},{"taxonomy":"service","embeddable":true,"href":"https:\/\/www.unik-seo.com\/es\/wp-json\/wp\/v2\/service?post=29376"}],"curies":[{"name":"wp","href":"https:\/\/api.w.org\/{rel}","templated":true}]}}