{"id":29361,"date":"2025-04-04T13:23:03","date_gmt":"2025-04-04T13:23:03","guid":{"rendered":"https:\/\/dev.unik-seo.com\/seo\/seo-farmaceutico\/"},"modified":"2025-10-01T09:56:59","modified_gmt":"2025-10-01T09:56:59","slug":"farma-seo","status":"publish","type":"page","link":"https:\/\/www.unik-seo.com\/es\/farma-seo","title":{"rendered":"Farma SEO"},"content":{"rendered":"","protected":false},"excerpt":{"rendered":"<p>\u00bfBuscas una empresa SEO farmac\u00e9utica de confianza que comprenda tanto tus necesidades normativas como tus objetivos digitales? En UniK SEO, ofrecemos servicios de SEO farmac\u00e9utico a medida que act\u00faan como planes de tratamiento: diagnosticando los problemas de tu sitio, prescribiendo soluciones estrat\u00e9gicas y supervisando los resultados como si se tratara de un ensayo cl\u00ednico. <\/p>\n","protected":false},"author":3,"featured_media":29373,"parent":0,"menu_order":0,"comment_status":"closed","ping_status":"closed","template":"","meta":{"_acf_changed":false,"footnotes":""},"categories":[180,189],"tags":[124],"service":[],"class_list":["post-29361","page","type-page","status-publish","has-post-thumbnail","hentry","category-servicios-seo","category-seo-por-sector-es","tag-b2b"],"acf":[],"aioseo_notices":[],"_links":{"self":[{"href":"https:\/\/www.unik-seo.com\/es\/wp-json\/wp\/v2\/pages\/29361","targetHints":{"allow":["GET"]}}],"collection":[{"href":"https:\/\/www.unik-seo.com\/es\/wp-json\/wp\/v2\/pages"}],"about":[{"href":"https:\/\/www.unik-seo.com\/es\/wp-json\/wp\/v2\/types\/page"}],"author":[{"embeddable":true,"href":"https:\/\/www.unik-seo.com\/es\/wp-json\/wp\/v2\/users\/3"}],"replies":[{"embeddable":true,"href":"https:\/\/www.unik-seo.com\/es\/wp-json\/wp\/v2\/comments?post=29361"}],"version-history":[{"count":2,"href":"https:\/\/www.unik-seo.com\/es\/wp-json\/wp\/v2\/pages\/29361\/revisions"}],"predecessor-version":[{"id":30699,"href":"https:\/\/www.unik-seo.com\/es\/wp-json\/wp\/v2\/pages\/29361\/revisions\/30699"}],"wp:featuredmedia":[{"embeddable":true,"href":"https:\/\/www.unik-seo.com\/es\/wp-json\/wp\/v2\/media\/29373"}],"wp:attachment":[{"href":"https:\/\/www.unik-seo.com\/es\/wp-json\/wp\/v2\/media?parent=29361"}],"wp:term":[{"taxonomy":"category","embeddable":true,"href":"https:\/\/www.unik-seo.com\/es\/wp-json\/wp\/v2\/categories?post=29361"},{"taxonomy":"post_tag","embeddable":true,"href":"https:\/\/www.unik-seo.com\/es\/wp-json\/wp\/v2\/tags?post=29361"},{"taxonomy":"service","embeddable":true,"href":"https:\/\/www.unik-seo.com\/es\/wp-json\/wp\/v2\/service?post=29361"}],"curies":[{"name":"wp","href":"https:\/\/api.w.org\/{rel}","templated":true}]}}