{"id":29360,"date":"2025-04-02T00:57:17","date_gmt":"2025-04-02T00:57:17","guid":{"rendered":"https:\/\/dev.unik-seo.com\/seo\/seo-para-restaurantes\/"},"modified":"2025-10-01T09:59:30","modified_gmt":"2025-10-01T09:59:30","slug":"seo-para-restaurantes","status":"publish","type":"page","link":"https:\/\/www.unik-seo.com\/es\/seo-para-restaurantes","title":{"rendered":"SEO para Restaurantes"},"content":{"rendered":"","protected":false},"excerpt":{"rendered":"<p>Desde acogedores bistr\u00f3s a marisquer\u00edas de lujo y bares de copas animados, nuestros servicios SEO para restaurantes ayudan a tu local a destacar donde m\u00e1s importa: en Google.<\/p>\n","protected":false},"author":3,"featured_media":29371,"parent":0,"menu_order":0,"comment_status":"closed","ping_status":"closed","template":"","meta":{"_acf_changed":false,"footnotes":""},"categories":[180,189],"tags":[193],"service":[],"class_list":["post-29360","page","type-page","status-publish","has-post-thumbnail","hentry","category-servicios-seo","category-seo-por-sector-es","tag-local"],"acf":[],"aioseo_notices":[],"_links":{"self":[{"href":"https:\/\/www.unik-seo.com\/es\/wp-json\/wp\/v2\/pages\/29360","targetHints":{"allow":["GET"]}}],"collection":[{"href":"https:\/\/www.unik-seo.com\/es\/wp-json\/wp\/v2\/pages"}],"about":[{"href":"https:\/\/www.unik-seo.com\/es\/wp-json\/wp\/v2\/types\/page"}],"author":[{"embeddable":true,"href":"https:\/\/www.unik-seo.com\/es\/wp-json\/wp\/v2\/users\/3"}],"replies":[{"embeddable":true,"href":"https:\/\/www.unik-seo.com\/es\/wp-json\/wp\/v2\/comments?post=29360"}],"version-history":[{"count":2,"href":"https:\/\/www.unik-seo.com\/es\/wp-json\/wp\/v2\/pages\/29360\/revisions"}],"predecessor-version":[{"id":30705,"href":"https:\/\/www.unik-seo.com\/es\/wp-json\/wp\/v2\/pages\/29360\/revisions\/30705"}],"wp:featuredmedia":[{"embeddable":true,"href":"https:\/\/www.unik-seo.com\/es\/wp-json\/wp\/v2\/media\/29371"}],"wp:attachment":[{"href":"https:\/\/www.unik-seo.com\/es\/wp-json\/wp\/v2\/media?parent=29360"}],"wp:term":[{"taxonomy":"category","embeddable":true,"href":"https:\/\/www.unik-seo.com\/es\/wp-json\/wp\/v2\/categories?post=29360"},{"taxonomy":"post_tag","embeddable":true,"href":"https:\/\/www.unik-seo.com\/es\/wp-json\/wp\/v2\/tags?post=29360"},{"taxonomy":"service","embeddable":true,"href":"https:\/\/www.unik-seo.com\/es\/wp-json\/wp\/v2\/service?post=29360"}],"curies":[{"name":"wp","href":"https:\/\/api.w.org\/{rel}","templated":true}]}}