{"id":29346,"date":"2025-04-04T12:57:59","date_gmt":"2025-04-04T12:57:59","guid":{"rendered":"https:\/\/dev.unik-seo.com\/seo\/seo-inmobiliario\/"},"modified":"2026-03-28T21:00:04","modified_gmt":"2026-03-28T21:00:04","slug":"seo-inmobiliario","status":"publish","type":"page","link":"https:\/\/www.unik-seo.com\/es\/seo-inmobiliario","title":{"rendered":"SEO inmobiliario"},"content":{"rendered":"","protected":false},"excerpt":{"rendered":"<p>UniK SEO sabe que ser encontrado en Internet no es un lujo: es el nuevo atractivo. Tanto si vendes \u00e1ticos en Lisboa como si gestionas propiedades de inversi\u00f3n en Berl\u00edn o diriges una agencia inmobiliaria en Nueva York, nuestros servicios de SEO para inmobiliarias colocan tus anuncios, marca y experiencia donde tus clientes los buscan: en la parte superior de los resultados de b\u00fasqueda. <\/p>\n","protected":false},"author":3,"featured_media":29352,"parent":0,"menu_order":0,"comment_status":"closed","ping_status":"closed","template":"","meta":{"_acf_changed":false,"footnotes":""},"categories":[180,189],"tags":[192],"service":[],"class_list":["post-29346","page","type-page","status-publish","has-post-thumbnail","hentry","category-servicios-seo","category-seo-por-sector-es","tag-b2b"],"acf":[],"aioseo_notices":[],"_links":{"self":[{"href":"https:\/\/www.unik-seo.com\/es\/wp-json\/wp\/v2\/pages\/29346","targetHints":{"allow":["GET"]}}],"collection":[{"href":"https:\/\/www.unik-seo.com\/es\/wp-json\/wp\/v2\/pages"}],"about":[{"href":"https:\/\/www.unik-seo.com\/es\/wp-json\/wp\/v2\/types\/page"}],"author":[{"embeddable":true,"href":"https:\/\/www.unik-seo.com\/es\/wp-json\/wp\/v2\/users\/3"}],"replies":[{"embeddable":true,"href":"https:\/\/www.unik-seo.com\/es\/wp-json\/wp\/v2\/comments?post=29346"}],"version-history":[{"count":3,"href":"https:\/\/www.unik-seo.com\/es\/wp-json\/wp\/v2\/pages\/29346\/revisions"}],"predecessor-version":[{"id":32462,"href":"https:\/\/www.unik-seo.com\/es\/wp-json\/wp\/v2\/pages\/29346\/revisions\/32462"}],"wp:featuredmedia":[{"embeddable":true,"href":"https:\/\/www.unik-seo.com\/es\/wp-json\/wp\/v2\/media\/29352"}],"wp:attachment":[{"href":"https:\/\/www.unik-seo.com\/es\/wp-json\/wp\/v2\/media?parent=29346"}],"wp:term":[{"taxonomy":"category","embeddable":true,"href":"https:\/\/www.unik-seo.com\/es\/wp-json\/wp\/v2\/categories?post=29346"},{"taxonomy":"post_tag","embeddable":true,"href":"https:\/\/www.unik-seo.com\/es\/wp-json\/wp\/v2\/tags?post=29346"},{"taxonomy":"service","embeddable":true,"href":"https:\/\/www.unik-seo.com\/es\/wp-json\/wp\/v2\/service?post=29346"}],"curies":[{"name":"wp","href":"https:\/\/api.w.org\/{rel}","templated":true}]}}