{"id":29333,"date":"2025-04-04T13:25:40","date_gmt":"2025-04-04T13:25:40","guid":{"rendered":"https:\/\/dev.unik-seo.com\/seo\/seo-para-pymes\/"},"modified":"2025-10-08T15:36:07","modified_gmt":"2025-10-08T15:36:07","slug":"seo-pyme","status":"publish","type":"page","link":"https:\/\/www.unik-seo.com\/es\/seo-pyme","title":{"rendered":"SEO para PYME"},"content":{"rendered":"","protected":false},"excerpt":{"rendered":"<p>En un mercado en el que cada contacto cuenta y cada clic tiene peso, el SEO para PYMES no es una ocurrencia tard\u00eda opcional, sino un motor de crecimiento empresarial. En UniK SEO, no nos centramos en m\u00e9tricas vanidosas ni en promesas vac\u00edas. El objetivo es claro: situar a las peque\u00f1as y medianas empresas exactamente donde las buscan los clientes: en la parte superior de los resultados de los motores de b\u00fasqueda.  <\/p>\n","protected":false},"author":3,"featured_media":29344,"parent":0,"menu_order":0,"comment_status":"closed","ping_status":"closed","template":"","meta":{"_acf_changed":false,"footnotes":""},"categories":[180,189],"tags":[192],"service":[],"class_list":["post-29333","page","type-page","status-publish","has-post-thumbnail","hentry","category-servicios-seo","category-seo-por-sector-es","tag-b2b"],"acf":[],"aioseo_notices":[],"_links":{"self":[{"href":"https:\/\/www.unik-seo.com\/es\/wp-json\/wp\/v2\/pages\/29333","targetHints":{"allow":["GET"]}}],"collection":[{"href":"https:\/\/www.unik-seo.com\/es\/wp-json\/wp\/v2\/pages"}],"about":[{"href":"https:\/\/www.unik-seo.com\/es\/wp-json\/wp\/v2\/types\/page"}],"author":[{"embeddable":true,"href":"https:\/\/www.unik-seo.com\/es\/wp-json\/wp\/v2\/users\/3"}],"replies":[{"embeddable":true,"href":"https:\/\/www.unik-seo.com\/es\/wp-json\/wp\/v2\/comments?post=29333"}],"version-history":[{"count":2,"href":"https:\/\/www.unik-seo.com\/es\/wp-json\/wp\/v2\/pages\/29333\/revisions"}],"predecessor-version":[{"id":30597,"href":"https:\/\/www.unik-seo.com\/es\/wp-json\/wp\/v2\/pages\/29333\/revisions\/30597"}],"wp:featuredmedia":[{"embeddable":true,"href":"https:\/\/www.unik-seo.com\/es\/wp-json\/wp\/v2\/media\/29344"}],"wp:attachment":[{"href":"https:\/\/www.unik-seo.com\/es\/wp-json\/wp\/v2\/media?parent=29333"}],"wp:term":[{"taxonomy":"category","embeddable":true,"href":"https:\/\/www.unik-seo.com\/es\/wp-json\/wp\/v2\/categories?post=29333"},{"taxonomy":"post_tag","embeddable":true,"href":"https:\/\/www.unik-seo.com\/es\/wp-json\/wp\/v2\/tags?post=29333"},{"taxonomy":"service","embeddable":true,"href":"https:\/\/www.unik-seo.com\/es\/wp-json\/wp\/v2\/service?post=29333"}],"curies":[{"name":"wp","href":"https:\/\/api.w.org\/{rel}","templated":true}]}}