{"id":29332,"date":"2025-04-04T12:59:55","date_gmt":"2025-04-04T12:59:55","guid":{"rendered":"https:\/\/dev.unik-seo.com\/seo\/seo-saas\/"},"modified":"2025-10-01T10:00:27","modified_gmt":"2025-10-01T10:00:27","slug":"saas-seo","status":"publish","type":"page","link":"https:\/\/www.unik-seo.com\/es\/saas-seo","title":{"rendered":"SaaS SEO"},"content":{"rendered":"","protected":false},"excerpt":{"rendered":"<p>UniK SEO entiende mucho m\u00e1s que los motores de b\u00fasqueda: hablamos tu idioma. Desde robots rastreadores hasta plataformas nativas en la nube, nuestro equipo de ingenieros SEO y t\u00e9cnicos de marketing dise\u00f1a arquitecturas robustas y optimizadas para las b\u00fasquedas de empresas SaaS de alto crecimiento. <\/p>\n","protected":false},"author":3,"featured_media":29338,"parent":0,"menu_order":0,"comment_status":"closed","ping_status":"closed","template":"","meta":{"_acf_changed":false,"footnotes":""},"categories":[180,189],"tags":[124],"service":[],"class_list":["post-29332","page","type-page","status-publish","has-post-thumbnail","hentry","category-servicios-seo","category-seo-por-sector-es","tag-b2b"],"acf":[],"aioseo_notices":[],"_links":{"self":[{"href":"https:\/\/www.unik-seo.com\/es\/wp-json\/wp\/v2\/pages\/29332","targetHints":{"allow":["GET"]}}],"collection":[{"href":"https:\/\/www.unik-seo.com\/es\/wp-json\/wp\/v2\/pages"}],"about":[{"href":"https:\/\/www.unik-seo.com\/es\/wp-json\/wp\/v2\/types\/page"}],"author":[{"embeddable":true,"href":"https:\/\/www.unik-seo.com\/es\/wp-json\/wp\/v2\/users\/3"}],"replies":[{"embeddable":true,"href":"https:\/\/www.unik-seo.com\/es\/wp-json\/wp\/v2\/comments?post=29332"}],"version-history":[{"count":2,"href":"https:\/\/www.unik-seo.com\/es\/wp-json\/wp\/v2\/pages\/29332\/revisions"}],"predecessor-version":[{"id":30707,"href":"https:\/\/www.unik-seo.com\/es\/wp-json\/wp\/v2\/pages\/29332\/revisions\/30707"}],"wp:featuredmedia":[{"embeddable":true,"href":"https:\/\/www.unik-seo.com\/es\/wp-json\/wp\/v2\/media\/29338"}],"wp:attachment":[{"href":"https:\/\/www.unik-seo.com\/es\/wp-json\/wp\/v2\/media?parent=29332"}],"wp:term":[{"taxonomy":"category","embeddable":true,"href":"https:\/\/www.unik-seo.com\/es\/wp-json\/wp\/v2\/categories?post=29332"},{"taxonomy":"post_tag","embeddable":true,"href":"https:\/\/www.unik-seo.com\/es\/wp-json\/wp\/v2\/tags?post=29332"},{"taxonomy":"service","embeddable":true,"href":"https:\/\/www.unik-seo.com\/es\/wp-json\/wp\/v2\/service?post=29332"}],"curies":[{"name":"wp","href":"https:\/\/api.w.org\/{rel}","templated":true}]}}