{"id":29297,"date":"2025-04-07T21:32:52","date_gmt":"2025-04-07T21:32:52","guid":{"rendered":"https:\/\/dev.unik-seo.com\/marketing\/anuncios-google\/"},"modified":"2025-10-08T15:55:06","modified_gmt":"2025-10-08T15:55:06","slug":"anuncios-google-ads","status":"publish","type":"page","link":"https:\/\/www.unik-seo.com\/es\/anuncios-google-ads","title":{"rendered":"Anuncios Google Ads"},"content":{"rendered":"","protected":false},"excerpt":{"rendered":"<p>El Pago Por Clic tiene un impacto directo en tu tr\u00e1fico y da a tu sitio web una exposici\u00f3n mucho mayor al poder estar en la parte superior de los resultados org\u00e1nicos en los motores de b\u00fasqueda.<\/p>\n","protected":false},"author":3,"featured_media":29300,"parent":0,"menu_order":0,"comment_status":"closed","ping_status":"closed","template":"","meta":{"_acf_changed":false,"footnotes":""},"categories":[187],"tags":[264,124],"service":[],"class_list":["post-29297","page","type-page","status-publish","has-post-thumbnail","hentry","category-ppc-es","tag-ads","tag-b2b"],"acf":[],"aioseo_notices":[],"_links":{"self":[{"href":"https:\/\/www.unik-seo.com\/es\/wp-json\/wp\/v2\/pages\/29297","targetHints":{"allow":["GET"]}}],"collection":[{"href":"https:\/\/www.unik-seo.com\/es\/wp-json\/wp\/v2\/pages"}],"about":[{"href":"https:\/\/www.unik-seo.com\/es\/wp-json\/wp\/v2\/types\/page"}],"author":[{"embeddable":true,"href":"https:\/\/www.unik-seo.com\/es\/wp-json\/wp\/v2\/users\/3"}],"replies":[{"embeddable":true,"href":"https:\/\/www.unik-seo.com\/es\/wp-json\/wp\/v2\/comments?post=29297"}],"version-history":[{"count":4,"href":"https:\/\/www.unik-seo.com\/es\/wp-json\/wp\/v2\/pages\/29297\/revisions"}],"predecessor-version":[{"id":30788,"href":"https:\/\/www.unik-seo.com\/es\/wp-json\/wp\/v2\/pages\/29297\/revisions\/30788"}],"wp:featuredmedia":[{"embeddable":true,"href":"https:\/\/www.unik-seo.com\/es\/wp-json\/wp\/v2\/media\/29300"}],"wp:attachment":[{"href":"https:\/\/www.unik-seo.com\/es\/wp-json\/wp\/v2\/media?parent=29297"}],"wp:term":[{"taxonomy":"category","embeddable":true,"href":"https:\/\/www.unik-seo.com\/es\/wp-json\/wp\/v2\/categories?post=29297"},{"taxonomy":"post_tag","embeddable":true,"href":"https:\/\/www.unik-seo.com\/es\/wp-json\/wp\/v2\/tags?post=29297"},{"taxonomy":"service","embeddable":true,"href":"https:\/\/www.unik-seo.com\/es\/wp-json\/wp\/v2\/service?post=29297"}],"curies":[{"name":"wp","href":"https:\/\/api.w.org\/{rel}","templated":true}]}}