{"id":29284,"date":"2025-04-07T21:34:24","date_gmt":"2025-04-07T21:34:24","guid":{"rendered":"https:\/\/dev.unik-seo.com\/marketing\/servicios-de-gestion-de-subvenciones-de-google\/"},"modified":"2025-10-28T00:29:59","modified_gmt":"2025-10-28T00:29:59","slug":"google-grants","status":"publish","type":"page","link":"https:\/\/www.unik-seo.com\/es\/google-grants","title":{"rendered":"Gesti\u00f3n de subvenciones de Google"},"content":{"rendered":"","protected":false},"excerpt":{"rendered":"<p>UniK SEO ofrece servicios expertos de gesti\u00f3n de Google Grants y de SEO para subvenciones, dise\u00f1ados para ayudar a las organizaciones sin \u00e1nimo de lucro a aumentar su visibilidad, atraer donantes e impulsar un impacto cuantificable. Desde la configuraci\u00f3n de la elegibilidad hasta la optimizaci\u00f3n completa de la campa\u00f1a, nos encargamos de todo, para que puedas centrarte en tu misi\u00f3n mientras nosotros nos ocupamos del rendimiento, el cumplimiento y el crecimiento. <\/p>\n","protected":false},"author":3,"featured_media":29293,"parent":0,"menu_order":0,"comment_status":"closed","ping_status":"closed","template":"","meta":{"_acf_changed":false,"footnotes":""},"categories":[187],"tags":[264,124],"service":[],"class_list":["post-29284","page","type-page","status-publish","has-post-thumbnail","hentry","category-ppc-es","tag-ads","tag-b2b"],"acf":[],"aioseo_notices":[],"_links":{"self":[{"href":"https:\/\/www.unik-seo.com\/es\/wp-json\/wp\/v2\/pages\/29284","targetHints":{"allow":["GET"]}}],"collection":[{"href":"https:\/\/www.unik-seo.com\/es\/wp-json\/wp\/v2\/pages"}],"about":[{"href":"https:\/\/www.unik-seo.com\/es\/wp-json\/wp\/v2\/types\/page"}],"author":[{"embeddable":true,"href":"https:\/\/www.unik-seo.com\/es\/wp-json\/wp\/v2\/users\/3"}],"replies":[{"embeddable":true,"href":"https:\/\/www.unik-seo.com\/es\/wp-json\/wp\/v2\/comments?post=29284"}],"version-history":[{"count":3,"href":"https:\/\/www.unik-seo.com\/es\/wp-json\/wp\/v2\/pages\/29284\/revisions"}],"predecessor-version":[{"id":31467,"href":"https:\/\/www.unik-seo.com\/es\/wp-json\/wp\/v2\/pages\/29284\/revisions\/31467"}],"wp:featuredmedia":[{"embeddable":true,"href":"https:\/\/www.unik-seo.com\/es\/wp-json\/wp\/v2\/media\/29293"}],"wp:attachment":[{"href":"https:\/\/www.unik-seo.com\/es\/wp-json\/wp\/v2\/media?parent=29284"}],"wp:term":[{"taxonomy":"category","embeddable":true,"href":"https:\/\/www.unik-seo.com\/es\/wp-json\/wp\/v2\/categories?post=29284"},{"taxonomy":"post_tag","embeddable":true,"href":"https:\/\/www.unik-seo.com\/es\/wp-json\/wp\/v2\/tags?post=29284"},{"taxonomy":"service","embeddable":true,"href":"https:\/\/www.unik-seo.com\/es\/wp-json\/wp\/v2\/service?post=29284"}],"curies":[{"name":"wp","href":"https:\/\/api.w.org\/{rel}","templated":true}]}}