{"id":29275,"date":"2025-04-07T21:41:14","date_gmt":"2025-04-07T21:41:14","guid":{"rendered":"https:\/\/dev.unik-seo.com\/marketing\/gestion-de-google-shopping\/"},"modified":"2025-10-28T00:30:01","modified_gmt":"2025-10-28T00:30:01","slug":"google-shopping","status":"publish","type":"page","link":"https:\/\/www.unik-seo.com\/es\/google-shopping","title":{"rendered":"Gesti\u00f3n de Google Shopping"},"content":{"rendered":"","protected":false},"excerpt":{"rendered":"<p>UniK SEO ofrece servicios expertos de gesti\u00f3n de Google Shopping -incluida la optimizaci\u00f3n del feed de productos, la estructuraci\u00f3n de campa\u00f1as y estrategias avanzadas de pujas- para ayudarte a llegar a los compradores adecuados y crecer de forma rentable. Aumenta las ventas de tu comercio electr\u00f3nico con campa\u00f1as de alto rendimiento basadas en datos. <\/p>\n","protected":false},"author":3,"featured_media":29281,"parent":0,"menu_order":0,"comment_status":"closed","ping_status":"closed","template":"","meta":{"_acf_changed":false,"footnotes":""},"categories":[187],"tags":[264,124],"service":[],"class_list":["post-29275","page","type-page","status-publish","has-post-thumbnail","hentry","category-ppc-es","tag-ads","tag-b2b"],"acf":[],"aioseo_notices":[],"_links":{"self":[{"href":"https:\/\/www.unik-seo.com\/es\/wp-json\/wp\/v2\/pages\/29275","targetHints":{"allow":["GET"]}}],"collection":[{"href":"https:\/\/www.unik-seo.com\/es\/wp-json\/wp\/v2\/pages"}],"about":[{"href":"https:\/\/www.unik-seo.com\/es\/wp-json\/wp\/v2\/types\/page"}],"author":[{"embeddable":true,"href":"https:\/\/www.unik-seo.com\/es\/wp-json\/wp\/v2\/users\/3"}],"replies":[{"embeddable":true,"href":"https:\/\/www.unik-seo.com\/es\/wp-json\/wp\/v2\/comments?post=29275"}],"version-history":[{"count":3,"href":"https:\/\/www.unik-seo.com\/es\/wp-json\/wp\/v2\/pages\/29275\/revisions"}],"predecessor-version":[{"id":31473,"href":"https:\/\/www.unik-seo.com\/es\/wp-json\/wp\/v2\/pages\/29275\/revisions\/31473"}],"wp:featuredmedia":[{"embeddable":true,"href":"https:\/\/www.unik-seo.com\/es\/wp-json\/wp\/v2\/media\/29281"}],"wp:attachment":[{"href":"https:\/\/www.unik-seo.com\/es\/wp-json\/wp\/v2\/media?parent=29275"}],"wp:term":[{"taxonomy":"category","embeddable":true,"href":"https:\/\/www.unik-seo.com\/es\/wp-json\/wp\/v2\/categories?post=29275"},{"taxonomy":"post_tag","embeddable":true,"href":"https:\/\/www.unik-seo.com\/es\/wp-json\/wp\/v2\/tags?post=29275"},{"taxonomy":"service","embeddable":true,"href":"https:\/\/www.unik-seo.com\/es\/wp-json\/wp\/v2\/service?post=29275"}],"curies":[{"name":"wp","href":"https:\/\/api.w.org\/{rel}","templated":true}]}}