{"id":29080,"date":"2025-04-02T00:43:14","date_gmt":"2025-04-02T00:43:14","guid":{"rendered":"https:\/\/dev.unik-seo.com\/seo\/youtube-seo\/"},"modified":"2025-10-08T15:35:41","modified_gmt":"2025-10-08T15:35:41","slug":"seo-youtube","status":"publish","type":"page","link":"https:\/\/www.unik-seo.com\/es\/seo-youtube","title":{"rendered":"SEO para YouTube"},"content":{"rendered":"","protected":false},"excerpt":{"rendered":"<p>No somos una empresa de marketing cualquiera que intenta \u00abdescifrar\u00bb YouTube. En UniK SEO, somos una agencia SEO de YouTube leg\u00edtima que entiende c\u00f3mo funciona la plataforma hoy, no hace dos a\u00f1os. <\/p>\n<p>Estamos al tanto de las actualizaciones del algoritmo, las tendencias de la audiencia y los datos de YouTube Studio para que t\u00fa no tengas que hacerlo. Ya no se trata s\u00f3lo de clasificar: se trata de retener, involucrar y crear una comunidad que vuelva a por m\u00e1s. <\/p>\n","protected":false},"author":3,"featured_media":29085,"parent":0,"menu_order":0,"comment_status":"closed","ping_status":"closed","template":"","meta":{"_acf_changed":false,"footnotes":""},"categories":[180,181],"tags":[124],"service":[],"class_list":["post-29080","page","type-page","status-publish","has-post-thumbnail","hentry","category-servicios-seo","category-seo-por-servicio","tag-b2b"],"acf":[],"aioseo_notices":[],"_links":{"self":[{"href":"https:\/\/www.unik-seo.com\/es\/wp-json\/wp\/v2\/pages\/29080","targetHints":{"allow":["GET"]}}],"collection":[{"href":"https:\/\/www.unik-seo.com\/es\/wp-json\/wp\/v2\/pages"}],"about":[{"href":"https:\/\/www.unik-seo.com\/es\/wp-json\/wp\/v2\/types\/page"}],"author":[{"embeddable":true,"href":"https:\/\/www.unik-seo.com\/es\/wp-json\/wp\/v2\/users\/3"}],"replies":[{"embeddable":true,"href":"https:\/\/www.unik-seo.com\/es\/wp-json\/wp\/v2\/comments?post=29080"}],"version-history":[{"count":3,"href":"https:\/\/www.unik-seo.com\/es\/wp-json\/wp\/v2\/pages\/29080\/revisions"}],"predecessor-version":[{"id":30786,"href":"https:\/\/www.unik-seo.com\/es\/wp-json\/wp\/v2\/pages\/29080\/revisions\/30786"}],"wp:featuredmedia":[{"embeddable":true,"href":"https:\/\/www.unik-seo.com\/es\/wp-json\/wp\/v2\/media\/29085"}],"wp:attachment":[{"href":"https:\/\/www.unik-seo.com\/es\/wp-json\/wp\/v2\/media?parent=29080"}],"wp:term":[{"taxonomy":"category","embeddable":true,"href":"https:\/\/www.unik-seo.com\/es\/wp-json\/wp\/v2\/categories?post=29080"},{"taxonomy":"post_tag","embeddable":true,"href":"https:\/\/www.unik-seo.com\/es\/wp-json\/wp\/v2\/tags?post=29080"},{"taxonomy":"service","embeddable":true,"href":"https:\/\/www.unik-seo.com\/es\/wp-json\/wp\/v2\/service?post=29080"}],"curies":[{"name":"wp","href":"https:\/\/api.w.org\/{rel}","templated":true}]}}