{"id":29071,"date":"2025-04-02T00:48:04","date_gmt":"2025-04-02T00:48:04","guid":{"rendered":"https:\/\/dev.unik-seo.com\/seo\/seo-para-juegos\/"},"modified":"2026-03-28T20:27:13","modified_gmt":"2026-03-28T20:27:13","slug":"seo-gaming","status":"publish","type":"page","link":"https:\/\/www.unik-seo.com\/es\/seo-gaming","title":{"rendered":"SEO para juegos"},"content":{"rendered":"","protected":false},"excerpt":{"rendered":"<p>No somos NPC en el mundo de los juegos: estamos en el grupo, ganando XP y llevando la voz cantante. Hemos jugado 1 contra 5, hemos arrasado en Dark Souls y hemos pasado m\u00e1s horas de las que Steam se atreve a admitir. El juego no es nuestra misi\u00f3n secundaria, es nuestra campa\u00f1a principal.  <\/p>\n","protected":false},"author":3,"featured_media":29078,"parent":0,"menu_order":0,"comment_status":"closed","ping_status":"closed","template":"","meta":{"_acf_changed":false,"footnotes":""},"categories":[180,189],"tags":[194],"service":[],"class_list":["post-29071","page","type-page","status-publish","has-post-thumbnail","hentry","category-servicios-seo","category-seo-por-sector-es","tag-crypto"],"acf":[],"aioseo_notices":[],"_links":{"self":[{"href":"https:\/\/www.unik-seo.com\/es\/wp-json\/wp\/v2\/pages\/29071","targetHints":{"allow":["GET"]}}],"collection":[{"href":"https:\/\/www.unik-seo.com\/es\/wp-json\/wp\/v2\/pages"}],"about":[{"href":"https:\/\/www.unik-seo.com\/es\/wp-json\/wp\/v2\/types\/page"}],"author":[{"embeddable":true,"href":"https:\/\/www.unik-seo.com\/es\/wp-json\/wp\/v2\/users\/3"}],"replies":[{"embeddable":true,"href":"https:\/\/www.unik-seo.com\/es\/wp-json\/wp\/v2\/comments?post=29071"}],"version-history":[{"count":3,"href":"https:\/\/www.unik-seo.com\/es\/wp-json\/wp\/v2\/pages\/29071\/revisions"}],"predecessor-version":[{"id":32457,"href":"https:\/\/www.unik-seo.com\/es\/wp-json\/wp\/v2\/pages\/29071\/revisions\/32457"}],"wp:featuredmedia":[{"embeddable":true,"href":"https:\/\/www.unik-seo.com\/es\/wp-json\/wp\/v2\/media\/29078"}],"wp:attachment":[{"href":"https:\/\/www.unik-seo.com\/es\/wp-json\/wp\/v2\/media?parent=29071"}],"wp:term":[{"taxonomy":"category","embeddable":true,"href":"https:\/\/www.unik-seo.com\/es\/wp-json\/wp\/v2\/categories?post=29071"},{"taxonomy":"post_tag","embeddable":true,"href":"https:\/\/www.unik-seo.com\/es\/wp-json\/wp\/v2\/tags?post=29071"},{"taxonomy":"service","embeddable":true,"href":"https:\/\/www.unik-seo.com\/es\/wp-json\/wp\/v2\/service?post=29071"}],"curies":[{"name":"wp","href":"https:\/\/api.w.org\/{rel}","templated":true}]}}