{"id":29054,"date":"2025-04-02T00:33:48","date_gmt":"2025-04-02T00:33:48","guid":{"rendered":"https:\/\/dev.unik-seo.com\/seo\/servicios-de-relaciones-publicas-digitales\/"},"modified":"2025-10-01T09:55:28","modified_gmt":"2025-10-01T09:55:28","slug":"rp-digital","status":"publish","type":"page","link":"https:\/\/www.unik-seo.com\/es\/rp-digital","title":{"rendered":"RP Digital"},"content":{"rendered":"","protected":false},"excerpt":{"rendered":"<p>\u00bfQuieres convertir la cobertura de los medios de comunicaci\u00f3n en ganancias significativas de SEO? Los servicios de relaciones p\u00fablicas digitales de UniK SEO se construyen en la intersecci\u00f3n de la narrativa editorial y la estrategia de b\u00fasqueda. Elaboramos campa\u00f1as preparadas para las redacciones, conseguimos backlinks de gran autoridad y posicionamos tu marca donde m\u00e1s importa: en los primeros puestos de Google y en las publicaciones de primer nivel.  <\/p>\n","protected":false},"author":3,"featured_media":29069,"parent":0,"menu_order":0,"comment_status":"closed","ping_status":"closed","template":"","meta":{"_acf_changed":false,"footnotes":""},"categories":[180,181],"tags":[124,263],"service":[],"class_list":["post-29054","page","type-page","status-publish","has-post-thumbnail","hentry","category-servicios-seo","category-seo-por-servicio","tag-b2b","tag-link-building"],"acf":[],"aioseo_notices":[],"_links":{"self":[{"href":"https:\/\/www.unik-seo.com\/es\/wp-json\/wp\/v2\/pages\/29054","targetHints":{"allow":["GET"]}}],"collection":[{"href":"https:\/\/www.unik-seo.com\/es\/wp-json\/wp\/v2\/pages"}],"about":[{"href":"https:\/\/www.unik-seo.com\/es\/wp-json\/wp\/v2\/types\/page"}],"author":[{"embeddable":true,"href":"https:\/\/www.unik-seo.com\/es\/wp-json\/wp\/v2\/users\/3"}],"replies":[{"embeddable":true,"href":"https:\/\/www.unik-seo.com\/es\/wp-json\/wp\/v2\/comments?post=29054"}],"version-history":[{"count":3,"href":"https:\/\/www.unik-seo.com\/es\/wp-json\/wp\/v2\/pages\/29054\/revisions"}],"predecessor-version":[{"id":30696,"href":"https:\/\/www.unik-seo.com\/es\/wp-json\/wp\/v2\/pages\/29054\/revisions\/30696"}],"wp:featuredmedia":[{"embeddable":true,"href":"https:\/\/www.unik-seo.com\/es\/wp-json\/wp\/v2\/media\/29069"}],"wp:attachment":[{"href":"https:\/\/www.unik-seo.com\/es\/wp-json\/wp\/v2\/media?parent=29054"}],"wp:term":[{"taxonomy":"category","embeddable":true,"href":"https:\/\/www.unik-seo.com\/es\/wp-json\/wp\/v2\/categories?post=29054"},{"taxonomy":"post_tag","embeddable":true,"href":"https:\/\/www.unik-seo.com\/es\/wp-json\/wp\/v2\/tags?post=29054"},{"taxonomy":"service","embeddable":true,"href":"https:\/\/www.unik-seo.com\/es\/wp-json\/wp\/v2\/service?post=29054"}],"curies":[{"name":"wp","href":"https:\/\/api.w.org\/{rel}","templated":true}]}}