{"id":29039,"date":"2025-04-02T00:35:30","date_gmt":"2025-04-02T00:35:30","guid":{"rendered":"https:\/\/dev.unik-seo.com\/seo\/wikipedia-seo\/"},"modified":"2025-10-01T10:01:15","modified_gmt":"2025-10-01T10:01:15","slug":"seo-para-wikipedia","status":"publish","type":"page","link":"https:\/\/www.unik-seo.com\/es\/seo-para-wikipedia","title":{"rendered":"SEO para Wikipedia"},"content":{"rendered":"","protected":false},"excerpt":{"rendered":"<p>\u00bfTe has fijado alguna vez en c\u00f3mo Wikipedia encabeza sistem\u00e1ticamente los resultados de las b\u00fasquedas? Eso es un potente SEO en Wikipedia. En UniK SEO, elaboramos estrategias precisas de SEO en Wikipedia que sit\u00faan a tu empresa en primera l\u00ednea de la red.  <\/p>\n","protected":false},"author":3,"featured_media":29050,"parent":0,"menu_order":0,"comment_status":"closed","ping_status":"closed","template":"","meta":{"_acf_changed":false,"footnotes":""},"categories":[180,181],"tags":[124],"service":[],"class_list":["post-29039","page","type-page","status-publish","has-post-thumbnail","hentry","category-servicios-seo","category-seo-por-servicio","tag-b2b"],"acf":[],"aioseo_notices":[],"_links":{"self":[{"href":"https:\/\/www.unik-seo.com\/es\/wp-json\/wp\/v2\/pages\/29039","targetHints":{"allow":["GET"]}}],"collection":[{"href":"https:\/\/www.unik-seo.com\/es\/wp-json\/wp\/v2\/pages"}],"about":[{"href":"https:\/\/www.unik-seo.com\/es\/wp-json\/wp\/v2\/types\/page"}],"author":[{"embeddable":true,"href":"https:\/\/www.unik-seo.com\/es\/wp-json\/wp\/v2\/users\/3"}],"replies":[{"embeddable":true,"href":"https:\/\/www.unik-seo.com\/es\/wp-json\/wp\/v2\/comments?post=29039"}],"version-history":[{"count":2,"href":"https:\/\/www.unik-seo.com\/es\/wp-json\/wp\/v2\/pages\/29039\/revisions"}],"predecessor-version":[{"id":30710,"href":"https:\/\/www.unik-seo.com\/es\/wp-json\/wp\/v2\/pages\/29039\/revisions\/30710"}],"wp:featuredmedia":[{"embeddable":true,"href":"https:\/\/www.unik-seo.com\/es\/wp-json\/wp\/v2\/media\/29050"}],"wp:attachment":[{"href":"https:\/\/www.unik-seo.com\/es\/wp-json\/wp\/v2\/media?parent=29039"}],"wp:term":[{"taxonomy":"category","embeddable":true,"href":"https:\/\/www.unik-seo.com\/es\/wp-json\/wp\/v2\/categories?post=29039"},{"taxonomy":"post_tag","embeddable":true,"href":"https:\/\/www.unik-seo.com\/es\/wp-json\/wp\/v2\/tags?post=29039"},{"taxonomy":"service","embeddable":true,"href":"https:\/\/www.unik-seo.com\/es\/wp-json\/wp\/v2\/service?post=29039"}],"curies":[{"name":"wp","href":"https:\/\/api.w.org\/{rel}","templated":true}]}}