{"id":29038,"date":"2025-04-02T00:53:32","date_gmt":"2025-04-02T00:53:32","guid":{"rendered":"https:\/\/dev.unik-seo.com\/seo\/seo-para-adultos\/"},"modified":"2026-03-27T15:24:52","modified_gmt":"2026-03-27T15:24:52","slug":"seo-adulto","status":"publish","type":"page","link":"https:\/\/www.unik-seo.com\/es\/seo-adulto","title":{"rendered":"SEO Adulto"},"content":{"rendered":"","protected":false},"excerpt":{"rendered":"<p>\u00bfQuieres convertir tu sitio para adultos en una m\u00e1quina sedienta de tr\u00e1fico? En UniK SEO no somos t\u00edmidos a la hora de adentrarnos en el atrevido mundo del SEO para adultos. No estamos aqu\u00ed para tomar el pelo. Estamos aqu\u00ed para dominar.   <\/p>\n","protected":false},"author":3,"featured_media":29044,"parent":0,"menu_order":0,"comment_status":"closed","ping_status":"closed","template":"","meta":{"_acf_changed":false,"footnotes":""},"categories":[180,189],"tags":[186],"service":[],"class_list":["post-29038","page","type-page","status-publish","has-post-thumbnail","hentry","category-servicios-seo","category-seo-por-sector-es","tag-adult"],"acf":[],"aioseo_notices":[],"_links":{"self":[{"href":"https:\/\/www.unik-seo.com\/es\/wp-json\/wp\/v2\/pages\/29038","targetHints":{"allow":["GET"]}}],"collection":[{"href":"https:\/\/www.unik-seo.com\/es\/wp-json\/wp\/v2\/pages"}],"about":[{"href":"https:\/\/www.unik-seo.com\/es\/wp-json\/wp\/v2\/types\/page"}],"author":[{"embeddable":true,"href":"https:\/\/www.unik-seo.com\/es\/wp-json\/wp\/v2\/users\/3"}],"replies":[{"embeddable":true,"href":"https:\/\/www.unik-seo.com\/es\/wp-json\/wp\/v2\/comments?post=29038"}],"version-history":[{"count":2,"href":"https:\/\/www.unik-seo.com\/es\/wp-json\/wp\/v2\/pages\/29038\/revisions"}],"predecessor-version":[{"id":30701,"href":"https:\/\/www.unik-seo.com\/es\/wp-json\/wp\/v2\/pages\/29038\/revisions\/30701"}],"wp:featuredmedia":[{"embeddable":true,"href":"https:\/\/www.unik-seo.com\/es\/wp-json\/wp\/v2\/media\/29044"}],"wp:attachment":[{"href":"https:\/\/www.unik-seo.com\/es\/wp-json\/wp\/v2\/media?parent=29038"}],"wp:term":[{"taxonomy":"category","embeddable":true,"href":"https:\/\/www.unik-seo.com\/es\/wp-json\/wp\/v2\/categories?post=29038"},{"taxonomy":"post_tag","embeddable":true,"href":"https:\/\/www.unik-seo.com\/es\/wp-json\/wp\/v2\/tags?post=29038"},{"taxonomy":"service","embeddable":true,"href":"https:\/\/www.unik-seo.com\/es\/wp-json\/wp\/v2\/service?post=29038"}],"curies":[{"name":"wp","href":"https:\/\/api.w.org\/{rel}","templated":true}]}}