{"id":29029,"date":"2025-04-02T00:39:09","date_gmt":"2025-04-02T00:39:09","guid":{"rendered":"https:\/\/dev.unik-seo.com\/seo\/servicios-seo-de-tiktok\/"},"modified":"2025-10-01T10:01:02","modified_gmt":"2025-10-01T10:01:02","slug":"seo-para-tiktok","status":"publish","type":"page","link":"https:\/\/www.unik-seo.com\/es\/seo-para-tiktok","title":{"rendered":"SEO para TikTok"},"content":{"rendered":"","protected":false},"excerpt":{"rendered":"<p>Hola nena, hablemos. Si est\u00e1s aqu\u00ed publicando un banger tras otro y sigues teniendo 46 visitas y un like de pena de tu madre&#8230; S\u00ed, no. Es hora de dejar de luchar contra el algoritmo y empezar a trabajar con \u00e9l.   <\/p>\n<p>UniK SEO es la agencia SEO de TikTok que realmente entiende c\u00f3mo funciona esta aplicaci\u00f3n. Estamos en ella 24 horas al d\u00eda, 7 d\u00edas a la semana (en serio, alguien tiene que quitarnos los tel\u00e9fonos), y sabemos exactamente qu\u00e9 es lo que hace que el contenido sea promocionado, clasificado e interactuado. <\/p>\n","protected":false},"author":3,"featured_media":29036,"parent":0,"menu_order":0,"comment_status":"closed","ping_status":"closed","template":"","meta":{"_acf_changed":false,"footnotes":""},"categories":[180,181],"tags":[124,261],"service":[],"class_list":["post-29029","page","type-page","status-publish","has-post-thumbnail","hentry","category-servicios-seo","category-seo-por-servicio","tag-b2b","tag-social-media"],"acf":[],"aioseo_notices":[],"_links":{"self":[{"href":"https:\/\/www.unik-seo.com\/es\/wp-json\/wp\/v2\/pages\/29029","targetHints":{"allow":["GET"]}}],"collection":[{"href":"https:\/\/www.unik-seo.com\/es\/wp-json\/wp\/v2\/pages"}],"about":[{"href":"https:\/\/www.unik-seo.com\/es\/wp-json\/wp\/v2\/types\/page"}],"author":[{"embeddable":true,"href":"https:\/\/www.unik-seo.com\/es\/wp-json\/wp\/v2\/users\/3"}],"replies":[{"embeddable":true,"href":"https:\/\/www.unik-seo.com\/es\/wp-json\/wp\/v2\/comments?post=29029"}],"version-history":[{"count":3,"href":"https:\/\/www.unik-seo.com\/es\/wp-json\/wp\/v2\/pages\/29029\/revisions"}],"predecessor-version":[{"id":30709,"href":"https:\/\/www.unik-seo.com\/es\/wp-json\/wp\/v2\/pages\/29029\/revisions\/30709"}],"wp:featuredmedia":[{"embeddable":true,"href":"https:\/\/www.unik-seo.com\/es\/wp-json\/wp\/v2\/media\/29036"}],"wp:attachment":[{"href":"https:\/\/www.unik-seo.com\/es\/wp-json\/wp\/v2\/media?parent=29029"}],"wp:term":[{"taxonomy":"category","embeddable":true,"href":"https:\/\/www.unik-seo.com\/es\/wp-json\/wp\/v2\/categories?post=29029"},{"taxonomy":"post_tag","embeddable":true,"href":"https:\/\/www.unik-seo.com\/es\/wp-json\/wp\/v2\/tags?post=29029"},{"taxonomy":"service","embeddable":true,"href":"https:\/\/www.unik-seo.com\/es\/wp-json\/wp\/v2\/service?post=29029"}],"curies":[{"name":"wp","href":"https:\/\/api.w.org\/{rel}","templated":true}]}}