{"id":29016,"date":"2025-04-04T13:21:04","date_gmt":"2025-04-04T13:21:04","guid":{"rendered":"https:\/\/dev.unik-seo.com\/seo\/fabricacion-seo\/"},"modified":"2025-10-01T09:53:18","modified_gmt":"2025-10-01T09:53:18","slug":"manufacturing-seo","status":"publish","type":"page","link":"https:\/\/www.unik-seo.com\/es\/manufacturing-seo","title":{"rendered":"Manufacturing SEO"},"content":{"rendered":"","protected":false},"excerpt":{"rendered":"<p>Cuando has pasado a\u00f1os -quiz\u00e1s d\u00e9cadas- dirigiendo l\u00edneas de producci\u00f3n, ajustando cadenas de suministro y alcanzando tolerancias estrictas, entiendes el valor de la precisi\u00f3n. En UniK SEO, aplicamos esa misma mentalidad de fabricaci\u00f3n al marketing digital. Nuestro SEO de fabricaci\u00f3n est\u00e1 dise\u00f1ado para rendir, probado para durar y construido para ofrecer resultados a largo plazo.  <\/p>\n","protected":false},"author":3,"featured_media":29021,"parent":0,"menu_order":0,"comment_status":"closed","ping_status":"closed","template":"","meta":{"_acf_changed":false,"footnotes":""},"categories":[180,189],"tags":[124],"service":[],"class_list":["post-29016","page","type-page","status-publish","has-post-thumbnail","hentry","category-servicios-seo","category-seo-por-sector-es","tag-b2b"],"acf":[],"aioseo_notices":[],"_links":{"self":[{"href":"https:\/\/www.unik-seo.com\/es\/wp-json\/wp\/v2\/pages\/29016","targetHints":{"allow":["GET"]}}],"collection":[{"href":"https:\/\/www.unik-seo.com\/es\/wp-json\/wp\/v2\/pages"}],"about":[{"href":"https:\/\/www.unik-seo.com\/es\/wp-json\/wp\/v2\/types\/page"}],"author":[{"embeddable":true,"href":"https:\/\/www.unik-seo.com\/es\/wp-json\/wp\/v2\/users\/3"}],"replies":[{"embeddable":true,"href":"https:\/\/www.unik-seo.com\/es\/wp-json\/wp\/v2\/comments?post=29016"}],"version-history":[{"count":2,"href":"https:\/\/www.unik-seo.com\/es\/wp-json\/wp\/v2\/pages\/29016\/revisions"}],"predecessor-version":[{"id":30690,"href":"https:\/\/www.unik-seo.com\/es\/wp-json\/wp\/v2\/pages\/29016\/revisions\/30690"}],"wp:featuredmedia":[{"embeddable":true,"href":"https:\/\/www.unik-seo.com\/es\/wp-json\/wp\/v2\/media\/29021"}],"wp:attachment":[{"href":"https:\/\/www.unik-seo.com\/es\/wp-json\/wp\/v2\/media?parent=29016"}],"wp:term":[{"taxonomy":"category","embeddable":true,"href":"https:\/\/www.unik-seo.com\/es\/wp-json\/wp\/v2\/categories?post=29016"},{"taxonomy":"post_tag","embeddable":true,"href":"https:\/\/www.unik-seo.com\/es\/wp-json\/wp\/v2\/tags?post=29016"},{"taxonomy":"service","embeddable":true,"href":"https:\/\/www.unik-seo.com\/es\/wp-json\/wp\/v2\/service?post=29016"}],"curies":[{"name":"wp","href":"https:\/\/api.w.org\/{rel}","templated":true}]}}