{"id":29007,"date":"2025-04-04T13:35:33","date_gmt":"2025-04-04T13:35:33","guid":{"rendered":"https:\/\/dev.unik-seo.com\/seo\/wix-seo\/"},"modified":"2025-10-01T10:01:32","modified_gmt":"2025-10-01T10:01:32","slug":"seo-para-wix","status":"publish","type":"page","link":"https:\/\/www.unik-seo.com\/es\/seo-para-wix","title":{"rendered":"SEO para WIX"},"content":{"rendered":"","protected":false},"excerpt":{"rendered":"<p>En UniK SEO, tratamos el SEO de Wix como t\u00fa tratas el panel de control de tu propio sitio: con precisi\u00f3n, estrategia y atenci\u00f3n a lo que realmente funciona. No somos una agencia cualquiera: somos tus expertos en SEO para Wix, equipados para hacer que la visibilidad de tu sitio se dispare sin comprometer tu dise\u00f1o, tu marca o el dise\u00f1o limpio que has creado minuciosamente en el Editor de Wix. <\/p>\n","protected":false},"author":3,"featured_media":29014,"parent":0,"menu_order":0,"comment_status":"closed","ping_status":"closed","template":"","meta":{"_acf_changed":false,"footnotes":""},"categories":[180,188],"tags":[124],"service":[],"class_list":["post-29007","page","type-page","status-publish","has-post-thumbnail","hentry","category-servicios-seo","category-seo-por-cms-es","tag-b2b"],"acf":[],"aioseo_notices":[],"_links":{"self":[{"href":"https:\/\/www.unik-seo.com\/es\/wp-json\/wp\/v2\/pages\/29007","targetHints":{"allow":["GET"]}}],"collection":[{"href":"https:\/\/www.unik-seo.com\/es\/wp-json\/wp\/v2\/pages"}],"about":[{"href":"https:\/\/www.unik-seo.com\/es\/wp-json\/wp\/v2\/types\/page"}],"author":[{"embeddable":true,"href":"https:\/\/www.unik-seo.com\/es\/wp-json\/wp\/v2\/users\/3"}],"replies":[{"embeddable":true,"href":"https:\/\/www.unik-seo.com\/es\/wp-json\/wp\/v2\/comments?post=29007"}],"version-history":[{"count":2,"href":"https:\/\/www.unik-seo.com\/es\/wp-json\/wp\/v2\/pages\/29007\/revisions"}],"predecessor-version":[{"id":30711,"href":"https:\/\/www.unik-seo.com\/es\/wp-json\/wp\/v2\/pages\/29007\/revisions\/30711"}],"wp:featuredmedia":[{"embeddable":true,"href":"https:\/\/www.unik-seo.com\/es\/wp-json\/wp\/v2\/media\/29014"}],"wp:attachment":[{"href":"https:\/\/www.unik-seo.com\/es\/wp-json\/wp\/v2\/media?parent=29007"}],"wp:term":[{"taxonomy":"category","embeddable":true,"href":"https:\/\/www.unik-seo.com\/es\/wp-json\/wp\/v2\/categories?post=29007"},{"taxonomy":"post_tag","embeddable":true,"href":"https:\/\/www.unik-seo.com\/es\/wp-json\/wp\/v2\/tags?post=29007"},{"taxonomy":"service","embeddable":true,"href":"https:\/\/www.unik-seo.com\/es\/wp-json\/wp\/v2\/service?post=29007"}],"curies":[{"name":"wp","href":"https:\/\/api.w.org\/{rel}","templated":true}]}}