{"id":29000,"date":"2025-04-04T13:27:06","date_gmt":"2025-04-04T13:27:06","guid":{"rendered":"https:\/\/dev.unik-seo.com\/seo\/servicios-seo-para-franquicias\/"},"modified":"2025-10-01T09:51:07","modified_gmt":"2025-10-01T09:51:07","slug":"seo-para-franquicias","status":"publish","type":"page","link":"https:\/\/www.unik-seo.com\/es\/seo-para-franquicias","title":{"rendered":"SEO para Franquicias"},"content":{"rendered":"","protected":false},"excerpt":{"rendered":"<p>Si quieres hacer crecer en Internet tu negocio con varias sedes, UniK SEO te ofrece servicios expertos de SEO para franquicias, dise\u00f1ados para ayudar a cada sede a posicionarse localmente mientras tu marca gana visibilidad nacional. Desde auditor\u00edas t\u00e9cnicas y SEO local hasta estrategias de contenidos escalables y creaci\u00f3n de enlaces, nuestra agencia de SEO para franquicias crea soluciones a medida que apoyan la estructura de tu negocio, impulsan los rankings de b\u00fasqueda y consiguen m\u00e1s clientes potenciales, ubicaci\u00f3n por ubicaci\u00f3n. Descubre c\u00f3mo deber\u00eda ser realmente el SEO para franquicias.  <\/p>\n","protected":false},"author":3,"featured_media":29005,"parent":0,"menu_order":0,"comment_status":"closed","ping_status":"closed","template":"","meta":{"_acf_changed":false,"footnotes":""},"categories":[180,189],"tags":[124],"service":[],"class_list":["post-29000","page","type-page","status-publish","has-post-thumbnail","hentry","category-servicios-seo","category-seo-por-sector-es","tag-b2b"],"acf":[],"aioseo_notices":[],"_links":{"self":[{"href":"https:\/\/www.unik-seo.com\/es\/wp-json\/wp\/v2\/pages\/29000","targetHints":{"allow":["GET"]}}],"collection":[{"href":"https:\/\/www.unik-seo.com\/es\/wp-json\/wp\/v2\/pages"}],"about":[{"href":"https:\/\/www.unik-seo.com\/es\/wp-json\/wp\/v2\/types\/page"}],"author":[{"embeddable":true,"href":"https:\/\/www.unik-seo.com\/es\/wp-json\/wp\/v2\/users\/3"}],"replies":[{"embeddable":true,"href":"https:\/\/www.unik-seo.com\/es\/wp-json\/wp\/v2\/comments?post=29000"}],"version-history":[{"count":3,"href":"https:\/\/www.unik-seo.com\/es\/wp-json\/wp\/v2\/pages\/29000\/revisions"}],"predecessor-version":[{"id":30689,"href":"https:\/\/www.unik-seo.com\/es\/wp-json\/wp\/v2\/pages\/29000\/revisions\/30689"}],"wp:featuredmedia":[{"embeddable":true,"href":"https:\/\/www.unik-seo.com\/es\/wp-json\/wp\/v2\/media\/29005"}],"wp:attachment":[{"href":"https:\/\/www.unik-seo.com\/es\/wp-json\/wp\/v2\/media?parent=29000"}],"wp:term":[{"taxonomy":"category","embeddable":true,"href":"https:\/\/www.unik-seo.com\/es\/wp-json\/wp\/v2\/categories?post=29000"},{"taxonomy":"post_tag","embeddable":true,"href":"https:\/\/www.unik-seo.com\/es\/wp-json\/wp\/v2\/tags?post=29000"},{"taxonomy":"service","embeddable":true,"href":"https:\/\/www.unik-seo.com\/es\/wp-json\/wp\/v2\/service?post=29000"}],"curies":[{"name":"wp","href":"https:\/\/api.w.org\/{rel}","templated":true}]}}