{"id":28986,"date":"2025-04-04T13:31:16","date_gmt":"2025-04-04T13:31:16","guid":{"rendered":"https:\/\/dev.unik-seo.com\/seo\/edtech-seo\/"},"modified":"2025-10-01T09:51:17","modified_gmt":"2025-10-01T09:51:17","slug":"seo-para-escuelas","status":"publish","type":"page","link":"https:\/\/www.unik-seo.com\/es\/seo-para-escuelas","title":{"rendered":"SEO para Escuelas"},"content":{"rendered":"","protected":false},"excerpt":{"rendered":"<p>El SEO para casinos est\u00e1 destinado a las empresas de juegos de apuestas online. Con estrategias de optimizaci\u00f3n iGaming dise\u00f1adas espec\u00edficamente para tu marca, te conseguiremos m\u00e1s visibilidad, backlinks, tr\u00e1fico org\u00e1nico y conversiones. <\/p>\n","protected":false},"author":3,"featured_media":28991,"parent":0,"menu_order":0,"comment_status":"closed","ping_status":"closed","template":"","meta":{"_acf_changed":false,"footnotes":""},"categories":[180,189],"tags":[124],"service":[],"class_list":["post-28986","page","type-page","status-publish","has-post-thumbnail","hentry","category-servicios-seo","category-seo-por-sector-es","tag-b2b"],"acf":[],"aioseo_notices":[],"_links":{"self":[{"href":"https:\/\/www.unik-seo.com\/es\/wp-json\/wp\/v2\/pages\/28986","targetHints":{"allow":["GET"]}}],"collection":[{"href":"https:\/\/www.unik-seo.com\/es\/wp-json\/wp\/v2\/pages"}],"about":[{"href":"https:\/\/www.unik-seo.com\/es\/wp-json\/wp\/v2\/types\/page"}],"author":[{"embeddable":true,"href":"https:\/\/www.unik-seo.com\/es\/wp-json\/wp\/v2\/users\/3"}],"replies":[{"embeddable":true,"href":"https:\/\/www.unik-seo.com\/es\/wp-json\/wp\/v2\/comments?post=28986"}],"version-history":[{"count":2,"href":"https:\/\/www.unik-seo.com\/es\/wp-json\/wp\/v2\/pages\/28986\/revisions"}],"predecessor-version":[{"id":30687,"href":"https:\/\/www.unik-seo.com\/es\/wp-json\/wp\/v2\/pages\/28986\/revisions\/30687"}],"wp:featuredmedia":[{"embeddable":true,"href":"https:\/\/www.unik-seo.com\/es\/wp-json\/wp\/v2\/media\/28991"}],"wp:attachment":[{"href":"https:\/\/www.unik-seo.com\/es\/wp-json\/wp\/v2\/media?parent=28986"}],"wp:term":[{"taxonomy":"category","embeddable":true,"href":"https:\/\/www.unik-seo.com\/es\/wp-json\/wp\/v2\/categories?post=28986"},{"taxonomy":"post_tag","embeddable":true,"href":"https:\/\/www.unik-seo.com\/es\/wp-json\/wp\/v2\/tags?post=28986"},{"taxonomy":"service","embeddable":true,"href":"https:\/\/www.unik-seo.com\/es\/wp-json\/wp\/v2\/service?post=28986"}],"curies":[{"name":"wp","href":"https:\/\/api.w.org\/{rel}","templated":true}]}}