{"id":28979,"date":"2025-04-04T13:38:41","date_gmt":"2025-04-04T13:38:41","guid":{"rendered":"https:\/\/dev.unik-seo.com\/seo\/seo-en-amazon\/"},"modified":"2025-10-01T09:56:34","modified_gmt":"2025-10-01T09:56:34","slug":"seo-para-amazon","status":"publish","type":"page","link":"https:\/\/www.unik-seo.com\/es\/seo-para-amazon","title":{"rendered":"SEO para Amazon"},"content":{"rendered":"","protected":false},"excerpt":{"rendered":"<p>El SEO de Amazon es una parte integral de cualquier negocio que espere prosperar y expandirse con la ayuda de Amazon como socio de ventas y distribuci\u00f3n. Amazon gana millones de d\u00f3lares en la realizaci\u00f3n y env\u00edo de productos con peque\u00f1as y medianas empresas. Lo que les convierte en una parte integral del listado de productos y ventas de tu negocio.  <\/p>\n","protected":false},"author":3,"featured_media":28984,"parent":0,"menu_order":0,"comment_status":"closed","ping_status":"closed","template":"","meta":{"_acf_changed":false,"footnotes":""},"categories":[180,188],"tags":[121],"service":[],"class_list":["post-28979","page","type-page","status-publish","has-post-thumbnail","hentry","category-servicios-seo","category-seo-por-cms-es","tag-e-commerce"],"acf":[],"aioseo_notices":[],"_links":{"self":[{"href":"https:\/\/www.unik-seo.com\/es\/wp-json\/wp\/v2\/pages\/28979","targetHints":{"allow":["GET"]}}],"collection":[{"href":"https:\/\/www.unik-seo.com\/es\/wp-json\/wp\/v2\/pages"}],"about":[{"href":"https:\/\/www.unik-seo.com\/es\/wp-json\/wp\/v2\/types\/page"}],"author":[{"embeddable":true,"href":"https:\/\/www.unik-seo.com\/es\/wp-json\/wp\/v2\/users\/3"}],"replies":[{"embeddable":true,"href":"https:\/\/www.unik-seo.com\/es\/wp-json\/wp\/v2\/comments?post=28979"}],"version-history":[{"count":2,"href":"https:\/\/www.unik-seo.com\/es\/wp-json\/wp\/v2\/pages\/28979\/revisions"}],"predecessor-version":[{"id":30698,"href":"https:\/\/www.unik-seo.com\/es\/wp-json\/wp\/v2\/pages\/28979\/revisions\/30698"}],"wp:featuredmedia":[{"embeddable":true,"href":"https:\/\/www.unik-seo.com\/es\/wp-json\/wp\/v2\/media\/28984"}],"wp:attachment":[{"href":"https:\/\/www.unik-seo.com\/es\/wp-json\/wp\/v2\/media?parent=28979"}],"wp:term":[{"taxonomy":"category","embeddable":true,"href":"https:\/\/www.unik-seo.com\/es\/wp-json\/wp\/v2\/categories?post=28979"},{"taxonomy":"post_tag","embeddable":true,"href":"https:\/\/www.unik-seo.com\/es\/wp-json\/wp\/v2\/tags?post=28979"},{"taxonomy":"service","embeddable":true,"href":"https:\/\/www.unik-seo.com\/es\/wp-json\/wp\/v2\/service?post=28979"}],"curies":[{"name":"wp","href":"https:\/\/api.w.org\/{rel}","templated":true}]}}