{"id":28972,"date":"2025-04-04T13:32:44","date_gmt":"2025-04-04T13:32:44","guid":{"rendered":"https:\/\/dev.unik-seo.com\/seo\/wordpress-seo\/"},"modified":"2025-10-01T10:01:43","modified_gmt":"2025-10-01T10:01:43","slug":"seo-para-wordpress","status":"publish","type":"page","link":"https:\/\/www.unik-seo.com\/es\/seo-para-wordpress","title":{"rendered":"SEO para WordPress"},"content":{"rendered":"","protected":false},"excerpt":{"rendered":"<p>En UniK SEO no s\u00f3lo nos dedicamos al SEO gen\u00e9rico, sino que vivimos y respiramos el SEO de WordPress. Desde las actualizaciones del n\u00facleo hasta los enganches de temas personalizados, entendemos los entresijos de lo que hace zumbar a WordPress y, lo que es m\u00e1s importante, c\u00f3mo conseguir que se posicione. <\/p>\n","protected":false},"author":3,"featured_media":28977,"parent":0,"menu_order":0,"comment_status":"closed","ping_status":"closed","template":"","meta":{"_acf_changed":false,"footnotes":""},"categories":[180,188],"tags":[124],"service":[],"class_list":["post-28972","page","type-page","status-publish","has-post-thumbnail","hentry","category-servicios-seo","category-seo-por-cms-es","tag-b2b"],"acf":[],"aioseo_notices":[],"_links":{"self":[{"href":"https:\/\/www.unik-seo.com\/es\/wp-json\/wp\/v2\/pages\/28972","targetHints":{"allow":["GET"]}}],"collection":[{"href":"https:\/\/www.unik-seo.com\/es\/wp-json\/wp\/v2\/pages"}],"about":[{"href":"https:\/\/www.unik-seo.com\/es\/wp-json\/wp\/v2\/types\/page"}],"author":[{"embeddable":true,"href":"https:\/\/www.unik-seo.com\/es\/wp-json\/wp\/v2\/users\/3"}],"replies":[{"embeddable":true,"href":"https:\/\/www.unik-seo.com\/es\/wp-json\/wp\/v2\/comments?post=28972"}],"version-history":[{"count":2,"href":"https:\/\/www.unik-seo.com\/es\/wp-json\/wp\/v2\/pages\/28972\/revisions"}],"predecessor-version":[{"id":30712,"href":"https:\/\/www.unik-seo.com\/es\/wp-json\/wp\/v2\/pages\/28972\/revisions\/30712"}],"wp:featuredmedia":[{"embeddable":true,"href":"https:\/\/www.unik-seo.com\/es\/wp-json\/wp\/v2\/media\/28977"}],"wp:attachment":[{"href":"https:\/\/www.unik-seo.com\/es\/wp-json\/wp\/v2\/media?parent=28972"}],"wp:term":[{"taxonomy":"category","embeddable":true,"href":"https:\/\/www.unik-seo.com\/es\/wp-json\/wp\/v2\/categories?post=28972"},{"taxonomy":"post_tag","embeddable":true,"href":"https:\/\/www.unik-seo.com\/es\/wp-json\/wp\/v2\/tags?post=28972"},{"taxonomy":"service","embeddable":true,"href":"https:\/\/www.unik-seo.com\/es\/wp-json\/wp\/v2\/service?post=28972"}],"curies":[{"name":"wp","href":"https:\/\/api.w.org\/{rel}","templated":true}]}}