{"id":28964,"date":"2025-04-04T13:40:00","date_gmt":"2025-04-04T13:40:00","guid":{"rendered":"https:\/\/dev.unik-seo.com\/seo\/seo-prestashop\/"},"modified":"2025-10-01T10:00:08","modified_gmt":"2025-10-01T10:00:08","slug":"seo-para-prestashop","status":"publish","type":"page","link":"https:\/\/www.unik-seo.com\/es\/seo-para-prestashop","title":{"rendered":"SEO para Prestashop"},"content":{"rendered":"","protected":false},"excerpt":{"rendered":"<p>El SEO de Amazon es una parte integral de cualquier negocio que espere prosperar y expandirse con la ayuda de Amazon como socio de ventas y distribuci\u00f3n. Amazon gana millones de d\u00f3lares en la realizaci\u00f3n y env\u00edo de productos con peque\u00f1as y medianas empresas. Lo que les convierte en una parte integral del listado de productos y ventas de tu negocio.  <\/p>\n","protected":false},"author":3,"featured_media":28970,"parent":0,"menu_order":0,"comment_status":"closed","ping_status":"closed","template":"","meta":{"_acf_changed":false,"footnotes":""},"categories":[180,188],"tags":[124],"service":[],"class_list":["post-28964","page","type-page","status-publish","has-post-thumbnail","hentry","category-servicios-seo","category-seo-por-cms-es","tag-b2b"],"acf":[],"aioseo_notices":[],"_links":{"self":[{"href":"https:\/\/www.unik-seo.com\/es\/wp-json\/wp\/v2\/pages\/28964","targetHints":{"allow":["GET"]}}],"collection":[{"href":"https:\/\/www.unik-seo.com\/es\/wp-json\/wp\/v2\/pages"}],"about":[{"href":"https:\/\/www.unik-seo.com\/es\/wp-json\/wp\/v2\/types\/page"}],"author":[{"embeddable":true,"href":"https:\/\/www.unik-seo.com\/es\/wp-json\/wp\/v2\/users\/3"}],"replies":[{"embeddable":true,"href":"https:\/\/www.unik-seo.com\/es\/wp-json\/wp\/v2\/comments?post=28964"}],"version-history":[{"count":2,"href":"https:\/\/www.unik-seo.com\/es\/wp-json\/wp\/v2\/pages\/28964\/revisions"}],"predecessor-version":[{"id":30706,"href":"https:\/\/www.unik-seo.com\/es\/wp-json\/wp\/v2\/pages\/28964\/revisions\/30706"}],"wp:featuredmedia":[{"embeddable":true,"href":"https:\/\/www.unik-seo.com\/es\/wp-json\/wp\/v2\/media\/28970"}],"wp:attachment":[{"href":"https:\/\/www.unik-seo.com\/es\/wp-json\/wp\/v2\/media?parent=28964"}],"wp:term":[{"taxonomy":"category","embeddable":true,"href":"https:\/\/www.unik-seo.com\/es\/wp-json\/wp\/v2\/categories?post=28964"},{"taxonomy":"post_tag","embeddable":true,"href":"https:\/\/www.unik-seo.com\/es\/wp-json\/wp\/v2\/tags?post=28964"},{"taxonomy":"service","embeddable":true,"href":"https:\/\/www.unik-seo.com\/es\/wp-json\/wp\/v2\/service?post=28964"}],"curies":[{"name":"wp","href":"https:\/\/api.w.org\/{rel}","templated":true}]}}