{"id":28951,"date":"2025-04-07T20:51:24","date_gmt":"2025-04-07T20:51:24","guid":{"rendered":"https:\/\/dev.unik-seo.com\/marketing\/anuncios-programaticos\/"},"modified":"2025-09-17T17:59:44","modified_gmt":"2025-09-17T17:59:44","slug":"anuncios-programaticos","status":"publish","type":"page","link":"https:\/\/www.unik-seo.com\/es\/anuncios-programaticos","title":{"rendered":"Anuncios program\u00e1ticos"},"content":{"rendered":"","protected":false},"excerpt":{"rendered":"<p>La publicidad program\u00e1tica es el est\u00e1ndar de oro en cuanto a precisi\u00f3n, escala y rendimiento basado en datos, aunque UniK SEO es mucho m\u00e1s que una agencia de publicidad program\u00e1tica: somos tus socios estrat\u00e9gicos, arquitectos de campa\u00f1as hiperdirigidas que aprovechan todo el potencial de las soluciones de publicidad program\u00e1tica.<\/p>\n","protected":false},"author":3,"featured_media":28959,"parent":0,"menu_order":0,"comment_status":"closed","ping_status":"closed","template":"","meta":{"_acf_changed":false,"footnotes":""},"categories":[187],"tags":[264,124],"service":[],"class_list":["post-28951","page","type-page","status-publish","has-post-thumbnail","hentry","category-ppc-es","tag-ads","tag-b2b"],"acf":[],"aioseo_notices":[],"_links":{"self":[{"href":"https:\/\/www.unik-seo.com\/es\/wp-json\/wp\/v2\/pages\/28951","targetHints":{"allow":["GET"]}}],"collection":[{"href":"https:\/\/www.unik-seo.com\/es\/wp-json\/wp\/v2\/pages"}],"about":[{"href":"https:\/\/www.unik-seo.com\/es\/wp-json\/wp\/v2\/types\/page"}],"author":[{"embeddable":true,"href":"https:\/\/www.unik-seo.com\/es\/wp-json\/wp\/v2\/users\/3"}],"replies":[{"embeddable":true,"href":"https:\/\/www.unik-seo.com\/es\/wp-json\/wp\/v2\/comments?post=28951"}],"version-history":[{"count":1,"href":"https:\/\/www.unik-seo.com\/es\/wp-json\/wp\/v2\/pages\/28951\/revisions"}],"predecessor-version":[{"id":28962,"href":"https:\/\/www.unik-seo.com\/es\/wp-json\/wp\/v2\/pages\/28951\/revisions\/28962"}],"wp:featuredmedia":[{"embeddable":true,"href":"https:\/\/www.unik-seo.com\/es\/wp-json\/wp\/v2\/media\/28959"}],"wp:attachment":[{"href":"https:\/\/www.unik-seo.com\/es\/wp-json\/wp\/v2\/media?parent=28951"}],"wp:term":[{"taxonomy":"category","embeddable":true,"href":"https:\/\/www.unik-seo.com\/es\/wp-json\/wp\/v2\/categories?post=28951"},{"taxonomy":"post_tag","embeddable":true,"href":"https:\/\/www.unik-seo.com\/es\/wp-json\/wp\/v2\/tags?post=28951"},{"taxonomy":"service","embeddable":true,"href":"https:\/\/www.unik-seo.com\/es\/wp-json\/wp\/v2\/service?post=28951"}],"curies":[{"name":"wp","href":"https:\/\/api.w.org\/{rel}","templated":true}]}}