{"id":28950,"date":"2025-04-04T13:34:18","date_gmt":"2025-04-04T13:34:18","guid":{"rendered":"https:\/\/dev.unik-seo.com\/seo\/servicios-seo-shopify\/"},"modified":"2025-10-01T10:00:39","modified_gmt":"2025-10-01T10:00:39","slug":"seo-para-shopify","status":"publish","type":"page","link":"https:\/\/www.unik-seo.com\/es\/seo-para-shopify","title":{"rendered":"SEO para Shopify"},"content":{"rendered":"","protected":false},"excerpt":{"rendered":"<p>Gestionar una tienda Shopify no consiste s\u00f3lo en almacenar grandes productos y lanzar un escaparate elegante: se trata de que te encuentren. Con millones de sitios web de Shopify ah\u00ed fuera, el verdadero reto es destacar en las b\u00fasquedas. Ah\u00ed es donde entran en juego los servicios de SEO para Shopify de UniK SEO.  <\/p>\n","protected":false},"author":3,"featured_media":28961,"parent":0,"menu_order":0,"comment_status":"closed","ping_status":"closed","template":"","meta":{"_acf_changed":false,"footnotes":""},"categories":[180,188],"tags":[121],"service":[],"class_list":["post-28950","page","type-page","status-publish","has-post-thumbnail","hentry","category-servicios-seo","category-seo-por-cms-es","tag-e-commerce"],"acf":[],"aioseo_notices":[],"_links":{"self":[{"href":"https:\/\/www.unik-seo.com\/es\/wp-json\/wp\/v2\/pages\/28950","targetHints":{"allow":["GET"]}}],"collection":[{"href":"https:\/\/www.unik-seo.com\/es\/wp-json\/wp\/v2\/pages"}],"about":[{"href":"https:\/\/www.unik-seo.com\/es\/wp-json\/wp\/v2\/types\/page"}],"author":[{"embeddable":true,"href":"https:\/\/www.unik-seo.com\/es\/wp-json\/wp\/v2\/users\/3"}],"replies":[{"embeddable":true,"href":"https:\/\/www.unik-seo.com\/es\/wp-json\/wp\/v2\/comments?post=28950"}],"version-history":[{"count":3,"href":"https:\/\/www.unik-seo.com\/es\/wp-json\/wp\/v2\/pages\/28950\/revisions"}],"predecessor-version":[{"id":30708,"href":"https:\/\/www.unik-seo.com\/es\/wp-json\/wp\/v2\/pages\/28950\/revisions\/30708"}],"wp:featuredmedia":[{"embeddable":true,"href":"https:\/\/www.unik-seo.com\/es\/wp-json\/wp\/v2\/media\/28961"}],"wp:attachment":[{"href":"https:\/\/www.unik-seo.com\/es\/wp-json\/wp\/v2\/media?parent=28950"}],"wp:term":[{"taxonomy":"category","embeddable":true,"href":"https:\/\/www.unik-seo.com\/es\/wp-json\/wp\/v2\/categories?post=28950"},{"taxonomy":"post_tag","embeddable":true,"href":"https:\/\/www.unik-seo.com\/es\/wp-json\/wp\/v2\/tags?post=28950"},{"taxonomy":"service","embeddable":true,"href":"https:\/\/www.unik-seo.com\/es\/wp-json\/wp\/v2\/service?post=28950"}],"curies":[{"name":"wp","href":"https:\/\/api.w.org\/{rel}","templated":true}]}}