{"id":28937,"date":"2025-04-07T21:35:48","date_gmt":"2025-04-07T21:35:48","guid":{"rendered":"https:\/\/dev.unik-seo.com\/marketing\/anuncios-para-adultos-con-programmatic\/"},"modified":"2026-03-28T20:53:25","modified_gmt":"2026-03-28T20:53:25","slug":"adult-ads","status":"publish","type":"page","link":"https:\/\/www.unik-seo.com\/es\/adult-ads","title":{"rendered":"Anuncios para adultos con Programmatic"},"content":{"rendered":"","protected":false},"excerpt":{"rendered":"<p>Mucho m\u00e1s que especialistas en marketing digital, el equipo de UniK SEO est\u00e1 formado por profesionales experimentados en publicidad para adultos a trav\u00e9s de Programmatic, que ayudan a las marcas a romper barreras, aumentar el tr\u00e1fico y escalar con precisi\u00f3n quir\u00fargica.<\/p>\n","protected":false},"author":3,"featured_media":28948,"parent":0,"menu_order":0,"comment_status":"closed","ping_status":"closed","template":"","meta":{"_acf_changed":false,"footnotes":""},"categories":[187],"tags":[186],"service":[],"class_list":["post-28937","page","type-page","status-publish","has-post-thumbnail","hentry","category-ppc-es","tag-adult"],"acf":[],"aioseo_notices":[],"_links":{"self":[{"href":"https:\/\/www.unik-seo.com\/es\/wp-json\/wp\/v2\/pages\/28937","targetHints":{"allow":["GET"]}}],"collection":[{"href":"https:\/\/www.unik-seo.com\/es\/wp-json\/wp\/v2\/pages"}],"about":[{"href":"https:\/\/www.unik-seo.com\/es\/wp-json\/wp\/v2\/types\/page"}],"author":[{"embeddable":true,"href":"https:\/\/www.unik-seo.com\/es\/wp-json\/wp\/v2\/users\/3"}],"replies":[{"embeddable":true,"href":"https:\/\/www.unik-seo.com\/es\/wp-json\/wp\/v2\/comments?post=28937"}],"version-history":[{"count":3,"href":"https:\/\/www.unik-seo.com\/es\/wp-json\/wp\/v2\/pages\/28937\/revisions"}],"predecessor-version":[{"id":31723,"href":"https:\/\/www.unik-seo.com\/es\/wp-json\/wp\/v2\/pages\/28937\/revisions\/31723"}],"wp:featuredmedia":[{"embeddable":true,"href":"https:\/\/www.unik-seo.com\/es\/wp-json\/wp\/v2\/media\/28948"}],"wp:attachment":[{"href":"https:\/\/www.unik-seo.com\/es\/wp-json\/wp\/v2\/media?parent=28937"}],"wp:term":[{"taxonomy":"category","embeddable":true,"href":"https:\/\/www.unik-seo.com\/es\/wp-json\/wp\/v2\/categories?post=28937"},{"taxonomy":"post_tag","embeddable":true,"href":"https:\/\/www.unik-seo.com\/es\/wp-json\/wp\/v2\/tags?post=28937"},{"taxonomy":"service","embeddable":true,"href":"https:\/\/www.unik-seo.com\/es\/wp-json\/wp\/v2\/service?post=28937"}],"curies":[{"name":"wp","href":"https:\/\/api.w.org\/{rel}","templated":true}]}}